{"id":1629,"date":"2025-09-20T14:03:11","date_gmt":"2025-09-20T21:03:11","guid":{"rendered":"https:\/\/catalystsystem.net\/sp\/?page_id=1629"},"modified":"2025-10-04T00:08:15","modified_gmt":"2025-10-04T07:08:15","slug":"cursos-flash","status":"publish","type":"page","link":"https:\/\/catalystsystem.net\/sp\/cursos-flash\/","title":{"rendered":"Cursos Flash"},"content":{"rendered":"<div id=\"pl-1629\"  class=\"panel-layout\" ><div id=\"pg-1629-0\"  class=\"panel-grid panel-no-style\" ><div id=\"pgc-1629-0-0\"  class=\"panel-grid-cell\" ><div id=\"panel-1629-0-0-0\" class=\"so-panel widget widget_sow-editor panel-first-child panel-last-child\" data-index=\"0\" ><div\n\t\t\t\n\t\t\tclass=\"so-widget-sow-editor so-widget-sow-editor-base\"\n\t\t\t\n\t\t>\n<div class=\"siteorigin-widget-tinymce textwidget\">\n\t<h2><span class=\"so-premium-web-font\" style=\"font-family: 'Montserrat'; color: #c34333;\" data-web-font-module=\"google\" data-font-info=\"{&quot;font&quot;:&quot;Montserrat&quot;,&quot;webfont&quot;:true,&quot;variant&quot;:&quot;regular&quot;,&quot;module&quot;:&quot;google&quot;}\"><strong data-start=\"318\" data-end=\"351\">Aprende y aplica al instante.<\/strong><\/span><\/h2>\n<h4><span class=\"so-premium-web-font\" style=\"font-family: 'Open Sans'; color: #224370;\" data-web-font-module=\"google\" data-font-info=\"{&quot;font&quot;:&quot;Open Sans&quot;,&quot;webfont&quot;:true,&quot;variant&quot;:&quot;regular&quot;,&quot;module&quot;:&quot;google&quot;}\">En solo 5 horas, nuestros <strong data-start=\"380\" data-end=\"396\">Cursos Flash<\/strong> te permiten practicar y ejecutar herramientas en tiempo real, logrando resultados mientras participas en la sesi\u00f3n.<\/span><\/h4>\n<\/div>\n<\/div><\/div><\/div><\/div><div id=\"pg-1629-1\"  class=\"panel-grid panel-no-style\" ><div id=\"pgc-1629-1-0\"  class=\"panel-grid-cell\" ><div id=\"panel-1629-1-0-0\" class=\"so-panel widget widget_sow-editor panel-first-child panel-last-child\" data-index=\"1\" ><div\n\t\t\t\n\t\t\tclass=\"so-widget-sow-editor so-widget-sow-editor-base\"\n\t\t\t\n\t\t>\n<div class=\"siteorigin-widget-tinymce textwidget\">\n\t<h2 data-start=\"551\" data-end=\"599\"><span style=\"color: #c34333;\"><strong><span class=\"so-premium-web-font\" style=\"font-family: 'Montserrat';\" data-web-font-module=\"google\" data-font-info=\"{&quot;font&quot;:&quot;Montserrat&quot;,&quot;webfont&quot;:true,&quot;variant&quot;:&quot;regular&quot;,&quot;module&quot;:&quot;google&quot;}\">\u00bfQu\u00e9 son los Cursos Flash?<\/span><\/strong><\/span><\/h2>\n<p data-start=\"600\" data-end=\"836\"><span class=\"so-premium-web-font\" style=\"color: #224370; font-family: 'Open Sans';\" data-web-font-module=\"google\" data-font-info=\"{&quot;font&quot;:&quot;Open Sans&quot;,&quot;webfont&quot;:true,&quot;variant&quot;:&quot;regular&quot;,&quot;module&quot;:&quot;google&quot;}\">Los <strong data-start=\"604\" data-end=\"620\">Cursos Flash<\/strong> son programas intensivos y pr\u00e1cticos que combinan aprendizaje y aplicaci\u00f3n inmediata. No esperas al d\u00eda siguiente: <strong data-start=\"736\" data-end=\"780\">usas las herramientas en la misma sesi\u00f3n<\/strong> para resolver retos reales de tu entorno profesional.<\/span><\/p>\n<\/div>\n<\/div><\/div><\/div><div id=\"pgc-1629-1-1\"  class=\"panel-grid-cell\" ><div id=\"panel-1629-1-1-0\" class=\"so-panel widget widget_sow-editor panel-first-child panel-last-child\" data-index=\"2\" ><div\n\t\t\t\n\t\t\tclass=\"so-widget-sow-editor so-widget-sow-editor-base\"\n\t\t\t\n\t\t>\n<div class=\"siteorigin-widget-tinymce textwidget\">\n\t<p><img loading=\"lazy\" decoding=\"async\" class=\"alignnone size-medium wp-image-1529\" src=\"https:\/\/catalystsystem.net\/sp\/wp-content\/uploads\/2025\/09\/cursos-flash-300x300.jpg\" alt=\"\" width=\"300\" height=\"300\" srcset=\"https:\/\/catalystsystem.net\/sp\/wp-content\/uploads\/2025\/09\/cursos-flash-300x300.jpg 300w, https:\/\/catalystsystem.net\/sp\/wp-content\/uploads\/2025\/09\/cursos-flash-150x150.jpg 150w, https:\/\/catalystsystem.net\/sp\/wp-content\/uploads\/2025\/09\/cursos-flash-375x375.jpg 375w, https:\/\/catalystsystem.net\/sp\/wp-content\/uploads\/2025\/09\/cursos-flash-216x216.jpg 216w, https:\/\/catalystsystem.net\/sp\/wp-content\/uploads\/2025\/09\/cursos-flash.jpg 512w\" sizes=\"auto, (max-width: 300px) 100vw, 300px\" \/><\/p>\n<\/div>\n<\/div><\/div><\/div><\/div><div id=\"pg-1629-2\"  class=\"panel-grid panel-no-style\" ><div id=\"pgc-1629-2-0\"  class=\"panel-grid-cell\" ><div id=\"panel-1629-2-0-0\" class=\"so-panel widget widget_sow-editor panel-first-child panel-last-child\" data-index=\"3\" ><div\n\t\t\t\n\t\t\tclass=\"so-widget-sow-editor so-widget-sow-editor-base\"\n\t\t\t\n\t\t>\n<div class=\"siteorigin-widget-tinymce textwidget\">\n\t<h2><span style=\"color: #c34333;\">\u00bfQu\u00e9 ofrecemos?<\/span><\/h2>\n<\/div>\n<\/div><\/div><\/div><\/div><div id=\"pg-1629-3\"  class=\"panel-grid panel-no-style\" ><div id=\"pgc-1629-3-0\"  class=\"panel-grid-cell\" ><div id=\"panel-1629-3-0-0\" class=\"so-panel widget widget_sow-editor panel-first-child panel-last-child\" data-index=\"4\" ><div\n\t\t\t\n\t\t\tclass=\"so-widget-sow-editor so-widget-sow-editor-base\"\n\t\t\t\n\t\t>\n<div class=\"siteorigin-widget-tinymce textwidget\">\n\t<p><!-- Aseg\u00farate de tener cargado Font Awesome y Google Fonts en el <head>:\n<link href=\"https:\/\/fonts.googleapis.com\/css2?family=Montserrat:wght@700&family=Open+Sans&display=swap\" rel=\"stylesheet\"\/>\n<link rel=\"stylesheet\" href=\"https:\/\/cdnjs.cloudflare.com\/ajax\/libs\/font-awesome\/4.7.0\/css\/font-awesome.min.css\"\/>\n--><\/p>\n<p><!-- Bloque: Liderazgo y Gesti\u00f3n --><\/p>\n<div style=\"max-width:600px; margin:20px auto;\">\n<p>  <!-- \u00cdcono centrado arriba --><\/p>\n<div style=\"text-align:center; margin-bottom:12px;\">\n    <i class=\"fa fa-users fa-3x\" style=\"color:#224370;\" aria-label=\"Liderazgo y Gesti\u00f3n\"><\/i>\n  <\/div>\n<p>  <!-- T\u00edtulo --><\/p>\n<h2 style=\"font-family:'Montserrat', sans-serif; color:#c34333; margin:0 0 8px; text-align:left;\">\n    Liderazgo y Gesti\u00f3n<br \/>\n  <\/h2>\n<p>  <!-- Cuerpo --><\/p>\n<p style=\"font-family:'Open Sans', sans-serif; color:#224370; line-height:1.6; margin:0; text-align:left;\">\n    Fortalece tu capacidad de liderar en contextos cambiantes, h\u00edbridos o remotos.<br \/>\n    Desarrolla inteligencia emocional, persuasi\u00f3n positiva, mentoring, liderazgo de alto rendimiento<br \/>\n    y habilidades para gestionar en entornos VUCA.\n  <\/p>\n<\/div>\n<p><\/head><\/p>\n<\/div>\n<\/div><\/div><\/div><div id=\"pgc-1629-3-1\"  class=\"panel-grid-cell\" ><div id=\"panel-1629-3-1-0\" class=\"so-panel widget widget_sow-editor panel-first-child panel-last-child\" data-index=\"5\" ><div\n\t\t\t\n\t\t\tclass=\"so-widget-sow-editor so-widget-sow-editor-base\"\n\t\t\t\n\t\t>\n<div class=\"siteorigin-widget-tinymce textwidget\">\n\t<p><!-- Bloque: Transformaci\u00f3n Digital y Tecnolog\u00eda --><\/p>\n<div style=\"max-width:600px; margin:20px auto;\">\n<p>  <!-- \u00cdcono centrado arriba --><\/p>\n<div style=\"text-align:center; margin-bottom:12px;\">\n    <i class=\"fa fa-laptop fa-3x\" style=\"color:#224370;\" aria-label=\"Transformaci\u00f3n Digital y Tecnolog\u00eda\"><\/i>\n  <\/div>\n<p>  <!-- T\u00edtulo --><\/p>\n<h2 style=\"font-family:'Montserrat', sans-serif; color:#c34333; margin:0 0 8px; text-align:left;\">\n    Transformaci\u00f3n Digital y Tecnolog\u00eda<br \/>\n  <\/h2>\n<p>  <!-- Cuerpo --><\/p>\n<p style=\"font-family:'Open Sans', sans-serif; color:#224370; line-height:1.6; margin:0; text-align:left;\">\n    Domina los fundamentos de la IA, la automatizaci\u00f3n pr\u00e1ctica y el an\u00e1lisis de datos aplicados,<br \/>\n    adem\u00e1s de comprender principios clave de ciberseguridad para l\u00edderes y gerentes no t\u00e9cnicos.\n  <\/p>\n<\/div>\n<\/div>\n<\/div><\/div><\/div><div id=\"pgc-1629-3-2\"  class=\"panel-grid-cell\" ><div id=\"panel-1629-3-2-0\" class=\"so-panel widget widget_sow-editor panel-first-child panel-last-child\" data-index=\"6\" ><div\n\t\t\t\n\t\t\tclass=\"so-widget-sow-editor so-widget-sow-editor-base\"\n\t\t\t\n\t\t>\n<div class=\"siteorigin-widget-tinymce textwidget\">\n\t<p><!-- Bloque: Habilidades Profesionales y Soft Skills --><\/p>\n<div style=\"max-width:600px; margin:20px auto;\">\n<p>  <!-- \u00cdcono centrado arriba --><\/p>\n<div style=\"text-align:center; margin-bottom:12px;\">\n    <i class=\"fa fa-graduation-cap fa-3x\" style=\"color:#224370;\" aria-label=\"Habilidades Profesionales y Soft Skills\"><\/i>\n  <\/div>\n<p>  <!-- T\u00edtulo --><\/p>\n<h2 style=\"font-family:'Montserrat', sans-serif; color:#c34333; margin:0 0 8px; text-align:left;\">\n    Habilidades Profesionales y Soft Skills<br \/>\n  <\/h2>\n<p>  <!-- Cuerpo --><\/p>\n<p style=\"font-family:'Open Sans', sans-serif; color:#224370; line-height:1.6; margin:0; text-align:left;\">\n    Combina lo mejor de comunicaci\u00f3n y habilidades cognitivas: toma de decisiones estrat\u00e9gicas,<br \/>\n    negociaci\u00f3n, feedback efectivo, gesti\u00f3n del tiempo, resiliencia, creatividad, escucha activa<br \/>\n    y manejo del estr\u00e9s.\n  <\/p>\n<\/div>\n<\/div>\n<\/div><\/div><\/div><\/div><div id=\"pg-1629-4\"  class=\"panel-grid panel-no-style\" ><div id=\"pgc-1629-4-0\"  class=\"panel-grid-cell\" ><div id=\"panel-1629-4-0-0\" class=\"so-panel widget widget_sow-editor panel-first-child panel-last-child\" data-index=\"7\" ><div\n\t\t\t\n\t\t\tclass=\"so-widget-sow-editor so-widget-sow-editor-base\"\n\t\t\t\n\t\t>\n<div class=\"siteorigin-widget-tinymce textwidget\">\n\t<p><!-- Bloque: Innovaci\u00f3n y Creatividad --><\/p>\n<div style=\"max-width:600px; margin:20px auto;\">\n<p>  <!-- \u00cdcono centrado arriba --><\/p>\n<div style=\"text-align:center; margin-bottom:12px;\">\n    <i class=\"fa fa-lightbulb-o fa-3x\" style=\"color:#224370;\" aria-label=\"Innovaci\u00f3n y Creatividad\"><\/i>\n  <\/div>\n<p>  <!-- T\u00edtulo --><\/p>\n<h2 style=\"font-family:'Montserrat', sans-serif; color:#c34333; margin:0 0 8px; text-align:left;\">\n    Innovaci\u00f3n y Creatividad<br \/>\n  <\/h2>\n<p>  <!-- Cuerpo --><\/p>\n<p style=\"font-family:'Open Sans', sans-serif; color:#224370; line-height:1.6; margin:0; text-align:left;\">\n    Aplica metodolog\u00edas \u00e1giles como Design Thinking, Lean Startup y gesti\u00f3n del cambio.<br \/>\n    Impulsa una cultura de innovaci\u00f3n con herramientas pr\u00e1cticas para resolver problemas<br \/>\n    y generar valor en tiempo real.\n  <\/p>\n<\/div>\n<\/div>\n<\/div><\/div><\/div><div id=\"pgc-1629-4-1\"  class=\"panel-grid-cell\" ><div id=\"panel-1629-4-1-0\" class=\"so-panel widget widget_sow-editor panel-first-child panel-last-child\" data-index=\"8\" ><div\n\t\t\t\n\t\t\tclass=\"so-widget-sow-editor so-widget-sow-editor-base\"\n\t\t\t\n\t\t>\n<div class=\"siteorigin-widget-tinymce textwidget\">\n\t<p><!-- Bloque: Finanzas y Gesti\u00f3n Estrat\u00e9gica --><\/p>\n<div style=\"max-width:600px; margin:20px auto;\">\n<p>  <!-- \u00cdcono centrado arriba --><\/p>\n<div style=\"text-align:center; margin-bottom:12px;\">\n    <i class=\"fa fa-line-chart fa-3x\" style=\"color:#224370;\" aria-label=\"Finanzas y Gesti\u00f3n Estrat\u00e9gica\"><\/i>\n  <\/div>\n<p>  <!-- T\u00edtulo --><\/p>\n<h2 style=\"font-family:'Montserrat', sans-serif; color:#c34333; margin:0 0 8px; text-align:left;\">\n    Finanzas y Gesti\u00f3n Estrat\u00e9gica<br \/>\n  <\/h2>\n<p>  <!-- Cuerpo --><\/p>\n<p style=\"font-family:'Open Sans', sans-serif; color:#224370; line-height:1.6; margin:0; text-align:left;\">\n    Desarrolla visi\u00f3n financiera sin ser experto: aprende finanzas clave para ejecutivos,<br \/>\n    an\u00e1lisis express para decisiones estrat\u00e9gicas y gesti\u00f3n con OKRs y KPIs que alinean<br \/>\n    a toda la organizaci\u00f3n.\n  <\/p>\n<\/div>\n<\/div>\n<\/div><\/div><\/div><div id=\"pgc-1629-4-2\"  class=\"panel-grid-cell\" ><div id=\"panel-1629-4-2-0\" class=\"so-panel widget widget_sow-editor panel-first-child panel-last-child\" data-index=\"9\" ><div\n\t\t\t\n\t\t\tclass=\"so-widget-sow-editor so-widget-sow-editor-base\"\n\t\t\t\n\t\t>\n<div class=\"siteorigin-widget-tinymce textwidget\">\n\t<p><!-- Bloque: Gesti\u00f3n del Talento --><\/p>\n<div style=\"max-width:600px; margin:20px auto;\">\n<p>  <!-- \u00cdcono centrado arriba --><\/p>\n<div style=\"text-align:center; margin-bottom:12px;\">\n    <i class=\"fa fa-handshake-o fa-3x\" style=\"color:#224370;\" aria-label=\"Gesti\u00f3n del Talento y Cultura Organizacional\"><\/i>\n  <\/div>\n<p>  <!-- T\u00edtulo --><\/p>\n<h2 style=\"font-family:'Montserrat', sans-serif; color:#c34333; margin:0 0 8px; text-align:left;\">\n    Gesti\u00f3n del Talento<br \/>\n  <\/h2>\n<p>  <!-- Cuerpo --><\/p>\n<p style=\"font-family:'Open Sans', sans-serif; color:#224370; line-height:1.6; margin:0; text-align:left;\">\n    Crea culturas organizacionales s\u00f3lidas y orientadas al prop\u00f3sito.<br \/>\n    Mejora la experiencia del empleado, fortalece el employer branding y<br \/>\n    aprende a gestionar equipos intergeneracionales con cohesi\u00f3n y efectividad.\n  <\/p>\n<\/div>\n<\/div>\n<\/div><\/div><\/div><\/div><div id=\"pg-1629-5\"  class=\"panel-grid panel-no-style\" ><div id=\"pgc-1629-5-0\"  class=\"panel-grid-cell\" ><div id=\"panel-1629-5-0-0\" class=\"so-panel widget widget_sow-headline panel-first-child panel-last-child\" data-index=\"10\" ><div\n\t\t\t\n\t\t\tclass=\"so-widget-sow-headline so-widget-sow-headline-default-ec1eb4cebc48-1629\"\n\t\t\t\n\t\t><div class=\"sow-headline-container \">\n\t\t\t\t\t\t\t<h2 class=\"sow-headline\">\n\t\t\t\t\t\tCONTR\u00c1TALO PARA TU EMPRESA\t\t\t\t\t\t<\/h2>\n\t\t\t\t\t\t\t\t\t\t\t<div class=\"decoration\">\n\t\t\t\t\t\t<div class=\"decoration-inside\"><\/div>\n\t\t\t\t\t<\/div>\n\t\t\t\t\t\t\t\t\t\t\t<h3 class=\"sow-sub-headline\">\n\t\t\t\t\t\tHasta 100 empleados por empresa\t\t\t\t\t\t<\/h3>\n\t\t\t\t\t\t<\/div>\n<\/div><\/div><\/div><\/div><div id=\"pg-1629-6\"  class=\"panel-grid panel-no-style\" ><div id=\"pgc-1629-6-0\"  class=\"panel-grid-cell\" ><div id=\"panel-1629-6-0-0\" class=\"so-panel widget widget_sow-image panel-first-child panel-last-child\" data-index=\"11\" ><div\n\t\t\t\n\t\t\tclass=\"so-widget-sow-image so-widget-sow-image-default-dbf295114b96-1629\"\n\t\t\t\n\t\t>\n<div class=\"sow-image-container\">\n\t\t<img \n\tsrc=\"https:\/\/catalystsystem.net\/sp\/wp-content\/uploads\/2025\/10\/diseno-diseno-Instagram-Post-45.png\" width=\"1080\" height=\"1350\" srcset=\"https:\/\/catalystsystem.net\/sp\/wp-content\/uploads\/2025\/10\/diseno-diseno-Instagram-Post-45.png 1080w, https:\/\/catalystsystem.net\/sp\/wp-content\/uploads\/2025\/10\/diseno-diseno-Instagram-Post-45-240x300.png 240w, https:\/\/catalystsystem.net\/sp\/wp-content\/uploads\/2025\/10\/diseno-diseno-Instagram-Post-45-819x1024.png 819w, https:\/\/catalystsystem.net\/sp\/wp-content\/uploads\/2025\/10\/diseno-diseno-Instagram-Post-45-768x960.png 768w\" sizes=\"(max-width: 1080px) 100vw, 1080px\" title=\"cursos flash\" alt=\"\" \t\tclass=\"so-widget-image\"\/>\n\t<\/div>\n\n<\/div><\/div><\/div><div id=\"pgc-1629-6-1\"  class=\"panel-grid-cell\" ><div id=\"panel-1629-6-1-0\" class=\"so-panel widget widget_sow-contact-form panel-first-child panel-last-child\" data-index=\"12\" ><div\n\t\t\t\n\t\t\tclass=\"so-widget-sow-contact-form so-widget-sow-contact-form-default-b4494b407f4c-1629\"\n\t\t\t\n\t\t>\t<form\n\t\taction=\"\/sp\/wp-json\/wp\/v2\/pages\/1629\"\n\t\tmethod=\"POST\"\n\t\tclass=\"sow-contact-form\"\n\t\tid=\"contact-form-0d10\"\n\t>\n\n\t\t\n\t\t\t\t\t<div class=\"sow-form-field sow-form-field-name\">\n\t\t\t\t<label class=\"sow-form-field-label-above\" for=\"sow-contact-form-field-nombre-completo-1\">\n\t\t\t\t<strong>\n\t\t\t\t\tNombre completo\t\t\t\t\t\t\t\t\t<\/strong>\n\t\t\t<\/label>\n\t\t\t\t\t\t\t<div class=\"sow-field-container\">\n\t\t\t\t\t\t\t<input\n\t\t\ttype=\"text\"\n\t\t\tname=\"nombre-completo-1\"\n\t\t\tid=\"sow-contact-form-field-nombre-completo-1\"\n\t\t\tvalue=\"\"\n\t\t\tclass=\"sow-text-field\"\n\t\t\t\t\t\t\t\t\/>\n\t\t\t\t\t\t<\/div>\n\t\t\t\t\t\t\t<\/div>\n\t\t\t\t\t\t<div class=\"sow-form-field sow-form-field-email\">\n\t\t\t\t<label class=\"sow-form-field-label-above\" for=\"sow-contact-form-field-correo-electronico-1\">\n\t\t\t\t<strong>\n\t\t\t\t\tCorreo Electr\u00f3nico\t\t\t\t\t\t\t\t\t<\/strong>\n\t\t\t<\/label>\n\t\t\t\t\t\t\t<div class=\"sow-field-container\">\n\t\t\t\t\t\t\t<input\n\t\t\ttype=\"email\"\n\t\t\tname=\"correo-electronico-1\"\n\t\t\tid=\"sow-contact-form-field-correo-electronico-1\"\n\t\t\tvalue=\"\"\n\t\t\tclass=\"sow-text-field\"\t\t\t\t\t\t\t\t\/>\n\t\t\t\t\t\t<\/div>\n\t\t\t\t\t\t\t<\/div>\n\t\t\t\t\t\t<div class=\"sow-form-field sow-form-field-text\">\n\t\t\t\t<label class=\"sow-form-field-label-above\" for=\"sow-contact-form-field-nombre-de-la-empresa-1\">\n\t\t\t\t<strong>\n\t\t\t\t\tNombre de la empresa\t\t\t\t\t\t\t\t\t<\/strong>\n\t\t\t<\/label>\n\t\t\t\t\t\t\t<div class=\"sow-field-container\">\n\t\t\t\t\t\t\t<input\n\t\t\ttype=\"text\"\n\t\t\tname=\"nombre-de-la-empresa-1\"\n\t\t\tid=\"sow-contact-form-field-nombre-de-la-empresa-1\"\n\t\t\tvalue=\"\"\n\t\t\tclass=\"sow-text-field\"\t\t\t\t\t\t\t\t\/>\n\t\t\t\t\t\t<\/div>\n\t\t\t\t\t\t\t<\/div>\n\t\t\t\t\t\t<div class=\"sow-form-field sow-form-field-text\">\n\t\t\t\t<label class=\"sow-form-field-label-above\" for=\"sow-contact-form-field-pais-de-residencia-1\">\n\t\t\t\t<strong>\n\t\t\t\t\tPais de residencia\t\t\t\t\t\t\t\t\t<\/strong>\n\t\t\t<\/label>\n\t\t\t\t\t\t\t<div class=\"sow-field-container\">\n\t\t\t\t\t\t\t<input\n\t\t\ttype=\"text\"\n\t\t\tname=\"pais-de-residencia-1\"\n\t\t\tid=\"sow-contact-form-field-pais-de-residencia-1\"\n\t\t\tvalue=\"\"\n\t\t\tclass=\"sow-text-field\"\t\t\t\t\t\t\t\t\/>\n\t\t\t\t\t\t<\/div>\n\t\t\t\t\t\t\t<\/div>\n\t\t\t\t\t\t<input\n\t\t\t\ttype=\"text\"\n\t\t\t\tname=\"sow-name\"\n\t\t\t\tclass=\"sow-text-field\"\n\t\t\t\tstyle=\"display: none !important; visibility: hidden !important;\"\n\t\t\t\tautocomplete=\"off\"\n\t\t\t\taria-hidden=\"true\"\n\t\t\t>\n\t\t\n\t\t\n\t\t<div class=\"sow-submit-wrapper \n\t\tsow-submit-styled\t\t\">\n\n\t\t\t<button\n\t\t\t\ttype=\"submit\"\n\t\t\t\tclass=\"sow-submit\n\t\t\t\t\t\t\t\t\"\n\t\t\t\tdata-js-key=\"c4ca4238a0b923820dcc509a6f75849b\" \t\t\t>\n\t\t\t\tENVIAR\t\t\t<\/button>\n\t\t<\/div>\n\t\t\t\t<input\n\t\t\ttype=\"hidden\"\n\t\t\tname=\"instance_hash-1\"\n\t\t\tvalue=\"0d101bb2\"\n\t\t\/>\n\n\t\t<input type=\"hidden\" id=\"_wpnonce\" name=\"_wpnonce\" value=\"92c42d8de7\" \/><input type=\"hidden\" name=\"_wp_http_referer\" value=\"\/sp\/wp-json\/wp\/v2\/pages\/1629\" \/>\t<\/form>\n\t<\/div><\/div><\/div><\/div><\/div>","protected":false},"excerpt":{"rendered":"<p>Aprende y aplica al instante. En solo 5 horas, nuestros Cursos Flash te permiten practicar y ejecutar herramientas en tiempo real, logrando resultados mientras participas en la sesi\u00f3n. \u00bfQu\u00e9 son los Cursos Flash? Los Cursos Flash son programas intensivos y pr\u00e1cticos que combinan aprendizaje y aplicaci\u00f3n inmediata. No esperas al d\u00eda siguiente: usas las herramientas &hellip;<\/p>\n","protected":false},"author":1,"featured_media":0,"parent":0,"menu_order":0,"comment_status":"closed","ping_status":"closed","template":"","meta":{"_acf_changed":false,"footnotes":""},"class_list":{"0":"post-1629","1":"page","2":"type-page","3":"status-publish","5":"clearfix","6":"article"},"acf":[],"yoast_head":"<!-- This site is optimized with the Yoast SEO plugin v27.2 - https:\/\/yoast.com\/product\/yoast-seo-wordpress\/ -->\n<title>Cursos Flash - CSC<\/title>\n<meta name=\"robots\" content=\"index, follow, max-snippet:-1, max-image-preview:large, max-video-preview:-1\" \/>\n<link rel=\"canonical\" href=\"https:\/\/catalystsystem.net\/sp\/cursos-flash\/\" \/>\n<meta property=\"og:locale\" content=\"es_ES\" \/>\n<meta property=\"og:type\" content=\"article\" \/>\n<meta property=\"og:title\" content=\"Cursos Flash\" \/>\n<meta property=\"og:description\" content=\"Solo cinco horas y est\u00e1s aplicando el aprendizaje.\" \/>\n<meta property=\"og:url\" content=\"https:\/\/catalystsystem.net\/sp\/cursos-flash\/\" \/>\n<meta property=\"og:site_name\" content=\"CSC\" \/>\n<meta property=\"article:modified_time\" content=\"2025-10-04T07:08:15+00:00\" \/>\n<meta property=\"og:image\" content=\"https:\/\/catalystsystem.net\/sp\/wp-content\/uploads\/2025\/10\/diseno-diseno-Instagram-Post-45.png\" \/>\n\t<meta property=\"og:image:width\" content=\"1080\" \/>\n\t<meta property=\"og:image:height\" content=\"1350\" \/>\n\t<meta property=\"og:image:type\" content=\"image\/png\" \/>\n<meta name=\"twitter:card\" content=\"summary_large_image\" \/>\n<meta name=\"twitter:label1\" content=\"Tiempo de lectura\" \/>\n\t<meta name=\"twitter:data1\" content=\"2 minutos\" \/>\n<script type=\"application\/ld+json\" class=\"yoast-schema-graph\">{\"@context\":\"https:\/\/schema.org\",\"@graph\":[{\"@type\":\"WebPage\",\"@id\":\"https:\/\/catalystsystem.net\/sp\/cursos-flash\/\",\"url\":\"https:\/\/catalystsystem.net\/sp\/cursos-flash\/\",\"name\":\"Cursos Flash - CSC\",\"isPartOf\":{\"@id\":\"https:\/\/catalystsystem.net\/sp\/#website\"},\"primaryImageOfPage\":{\"@id\":\"https:\/\/catalystsystem.net\/sp\/cursos-flash\/#primaryimage\"},\"image\":{\"@id\":\"https:\/\/catalystsystem.net\/sp\/cursos-flash\/#primaryimage\"},\"thumbnailUrl\":\"https:\/\/catalystsystem.net\/sp\/wp-content\/uploads\/2025\/09\/cursos-flash-300x300.jpg\",\"datePublished\":\"2025-09-20T21:03:11+00:00\",\"dateModified\":\"2025-10-04T07:08:15+00:00\",\"breadcrumb\":{\"@id\":\"https:\/\/catalystsystem.net\/sp\/cursos-flash\/#breadcrumb\"},\"inLanguage\":\"es\",\"potentialAction\":[{\"@type\":\"ReadAction\",\"target\":[\"https:\/\/catalystsystem.net\/sp\/cursos-flash\/\"]}]},{\"@type\":\"ImageObject\",\"inLanguage\":\"es\",\"@id\":\"https:\/\/catalystsystem.net\/sp\/cursos-flash\/#primaryimage\",\"url\":\"https:\/\/catalystsystem.net\/sp\/wp-content\/uploads\/2025\/09\/cursos-flash.jpg\",\"contentUrl\":\"https:\/\/catalystsystem.net\/sp\/wp-content\/uploads\/2025\/09\/cursos-flash.jpg\",\"width\":512,\"height\":512,\"caption\":\"Cursos Flash\"},{\"@type\":\"BreadcrumbList\",\"@id\":\"https:\/\/catalystsystem.net\/sp\/cursos-flash\/#breadcrumb\",\"itemListElement\":[{\"@type\":\"ListItem\",\"position\":1,\"name\":\"Portada\",\"item\":\"https:\/\/catalystsystem.net\/sp\/\"},{\"@type\":\"ListItem\",\"position\":2,\"name\":\"Cursos Flash\"}]},{\"@type\":\"WebSite\",\"@id\":\"https:\/\/catalystsystem.net\/sp\/#website\",\"url\":\"https:\/\/catalystsystem.net\/sp\/\",\"name\":\"Catalyst System Consulting\",\"description\":\"Acompa\u00f1ar a l\u00edderes, equipos y organizaciones en el desarrollo de su m\u00e1ximo potencial, integrando coaching, consultor\u00eda, marketing, dise\u00f1o y tecnolog\u00eda\",\"alternateName\":\"CSC\",\"potentialAction\":[{\"@type\":\"SearchAction\",\"target\":{\"@type\":\"EntryPoint\",\"urlTemplate\":\"https:\/\/catalystsystem.net\/sp\/?s={search_term_string}\"},\"query-input\":{\"@type\":\"PropertyValueSpecification\",\"valueRequired\":true,\"valueName\":\"search_term_string\"}}],\"inLanguage\":\"es\"}]}<\/script>\n<!-- \/ Yoast SEO plugin. -->","yoast_head_json":{"title":"Cursos Flash - CSC","robots":{"index":"index","follow":"follow","max-snippet":"max-snippet:-1","max-image-preview":"max-image-preview:large","max-video-preview":"max-video-preview:-1"},"canonical":"https:\/\/catalystsystem.net\/sp\/cursos-flash\/","og_locale":"es_ES","og_type":"article","og_title":"Cursos Flash","og_description":"Solo cinco horas y est\u00e1s aplicando el aprendizaje.","og_url":"https:\/\/catalystsystem.net\/sp\/cursos-flash\/","og_site_name":"CSC","article_modified_time":"2025-10-04T07:08:15+00:00","og_image":[{"width":1080,"height":1350,"url":"https:\/\/catalystsystem.net\/sp\/wp-content\/uploads\/2025\/10\/diseno-diseno-Instagram-Post-45.png","type":"image\/png"}],"twitter_card":"summary_large_image","twitter_misc":{"Tiempo de lectura":"2 minutos"},"schema":{"@context":"https:\/\/schema.org","@graph":[{"@type":"WebPage","@id":"https:\/\/catalystsystem.net\/sp\/cursos-flash\/","url":"https:\/\/catalystsystem.net\/sp\/cursos-flash\/","name":"Cursos Flash - CSC","isPartOf":{"@id":"https:\/\/catalystsystem.net\/sp\/#website"},"primaryImageOfPage":{"@id":"https:\/\/catalystsystem.net\/sp\/cursos-flash\/#primaryimage"},"image":{"@id":"https:\/\/catalystsystem.net\/sp\/cursos-flash\/#primaryimage"},"thumbnailUrl":"https:\/\/catalystsystem.net\/sp\/wp-content\/uploads\/2025\/09\/cursos-flash-300x300.jpg","datePublished":"2025-09-20T21:03:11+00:00","dateModified":"2025-10-04T07:08:15+00:00","breadcrumb":{"@id":"https:\/\/catalystsystem.net\/sp\/cursos-flash\/#breadcrumb"},"inLanguage":"es","potentialAction":[{"@type":"ReadAction","target":["https:\/\/catalystsystem.net\/sp\/cursos-flash\/"]}]},{"@type":"ImageObject","inLanguage":"es","@id":"https:\/\/catalystsystem.net\/sp\/cursos-flash\/#primaryimage","url":"https:\/\/catalystsystem.net\/sp\/wp-content\/uploads\/2025\/09\/cursos-flash.jpg","contentUrl":"https:\/\/catalystsystem.net\/sp\/wp-content\/uploads\/2025\/09\/cursos-flash.jpg","width":512,"height":512,"caption":"Cursos Flash"},{"@type":"BreadcrumbList","@id":"https:\/\/catalystsystem.net\/sp\/cursos-flash\/#breadcrumb","itemListElement":[{"@type":"ListItem","position":1,"name":"Portada","item":"https:\/\/catalystsystem.net\/sp\/"},{"@type":"ListItem","position":2,"name":"Cursos Flash"}]},{"@type":"WebSite","@id":"https:\/\/catalystsystem.net\/sp\/#website","url":"https:\/\/catalystsystem.net\/sp\/","name":"Catalyst System Consulting","description":"Acompa\u00f1ar a l\u00edderes, equipos y organizaciones en el desarrollo de su m\u00e1ximo potencial, integrando coaching, consultor\u00eda, marketing, dise\u00f1o y tecnolog\u00eda","alternateName":"CSC","potentialAction":[{"@type":"SearchAction","target":{"@type":"EntryPoint","urlTemplate":"https:\/\/catalystsystem.net\/sp\/?s={search_term_string}"},"query-input":{"@type":"PropertyValueSpecification","valueRequired":true,"valueName":"search_term_string"}}],"inLanguage":"es"}]}},"_links":{"self":[{"href":"https:\/\/catalystsystem.net\/sp\/wp-json\/wp\/v2\/pages\/1629","targetHints":{"allow":["GET"]}}],"collection":[{"href":"https:\/\/catalystsystem.net\/sp\/wp-json\/wp\/v2\/pages"}],"about":[{"href":"https:\/\/catalystsystem.net\/sp\/wp-json\/wp\/v2\/types\/page"}],"author":[{"embeddable":true,"href":"https:\/\/catalystsystem.net\/sp\/wp-json\/wp\/v2\/users\/1"}],"replies":[{"embeddable":true,"href":"https:\/\/catalystsystem.net\/sp\/wp-json\/wp\/v2\/comments?post=1629"}],"version-history":[{"count":29,"href":"https:\/\/catalystsystem.net\/sp\/wp-json\/wp\/v2\/pages\/1629\/revisions"}],"predecessor-version":[{"id":2062,"href":"https:\/\/catalystsystem.net\/sp\/wp-json\/wp\/v2\/pages\/1629\/revisions\/2062"}],"wp:attachment":[{"href":"https:\/\/catalystsystem.net\/sp\/wp-json\/wp\/v2\/media?parent=1629"}],"curies":[{"name":"wp","href":"https:\/\/api.w.org\/{rel}","templated":true}]}}