{"id":19,"date":"2016-11-21T15:32:40","date_gmt":"2016-11-21T15:32:40","guid":{"rendered":"https:\/\/xml-io.proteusthemes.com\/consulting\/?page_id=19"},"modified":"2016-11-21T15:32:40","modified_gmt":"2016-11-21T15:32:40","slug":"our-services","status":"publish","type":"page","link":"https:\/\/catalystsystem.net\/sp\/our-services\/","title":{"rendered":"Our Services"},"content":{"rendered":"<div id=\"pl-19\"  class=\"panel-layout\" ><div id=\"pg-19-0\"  class=\"panel-grid panel-no-style\" ><div id=\"pgc-19-0-0\"  class=\"panel-grid-cell\" ><br \/>\n<b>Warning<\/b>:  Trying to access array offset on value of type null in <b>\/home\/csc\/public_html\/sp\/wp-content\/themes\/consultpress-pt\/vendor\/proteusthemes\/proteuswidgets\/widgets\/widget-featured-page.php<\/b> on line <b>76<\/b><br \/>\n<br \/>\n<b>Warning<\/b>:  Trying to access array offset on value of type bool in <b>\/home\/csc\/public_html\/sp\/wp-content\/themes\/consultpress-pt\/vendor\/proteusthemes\/proteuswidgets\/widgets\/widget-featured-page.php<\/b> on line <b>94<\/b><br \/>\n<br \/>\n<b>Warning<\/b>:  Trying to access array offset on value of type bool in <b>\/home\/csc\/public_html\/sp\/wp-content\/themes\/consultpress-pt\/vendor\/proteusthemes\/proteuswidgets\/widgets\/widget-featured-page.php<\/b> on line <b>95<\/b><br \/>\n<br \/>\n<b>Warning<\/b>:  Trying to access array offset on value of type bool in <b>\/home\/csc\/public_html\/sp\/wp-content\/themes\/consultpress-pt\/vendor\/proteusthemes\/proteuswidgets\/widgets\/widget-featured-page.php<\/b> on line <b>96<\/b><br \/>\n<br \/>\n<b>Warning<\/b>:  Trying to access array offset on value of type bool in <b>\/home\/csc\/public_html\/sp\/wp-content\/themes\/consultpress-pt\/vendor\/proteusthemes\/proteuswidgets\/inc\/class-pw-functions.php<\/b> on line <b>143<\/b><br \/>\n<br \/>\n<b>Warning<\/b>:  Trying to access array offset on value of type bool in <b>\/home\/csc\/public_html\/sp\/wp-content\/themes\/consultpress-pt\/vendor\/proteusthemes\/proteuswidgets\/inc\/class-pw-functions.php<\/b> on line <b>143<\/b><br \/>\n<br \/>\n<b>Warning<\/b>:  Trying to access array offset on value of type bool in <b>\/home\/csc\/public_html\/sp\/wp-content\/themes\/consultpress-pt\/vendor\/proteusthemes\/proteuswidgets\/inc\/class-pw-functions.php<\/b> on line <b>143<\/b><br \/>\n<br \/>\n<b>Warning<\/b>:  Trying to access array offset on value of type bool in <b>\/home\/csc\/public_html\/sp\/wp-content\/themes\/consultpress-pt\/vendor\/proteusthemes\/proteuswidgets\/inc\/class-pw-functions.php<\/b> on line <b>143<\/b><br \/>\n<div id=\"panel-19-0-0-0\" class=\"so-panel widget widget_pw_featured_page widget-featured-page panel-first-child panel-last-child\" data-index=\"0\" >\n\t<div class=\"page-box  page-box--block\">\n\t\t\t\t<div class=\"page-box__content\">\n\t\t\t<h2 class=\"page-box__title\"><a href=\"\"><br \/>\n<b>Warning<\/b>:  Undefined array key \"post_title\" in <b>\/home\/csc\/public_html\/sp\/wp-content\/themes\/consultpress-pt\/inc\/widgets-views\/widget-featured-page.php<\/b> on line <b>37<\/b><br \/>\n<\/a><\/h2>\n\t\t\t<p class=\"page-box__text\"><\/p>\n\t\t\t\t\t<\/div>\n\t<\/div>\n\n<\/div><\/div><div id=\"pgc-19-0-1\"  class=\"panel-grid-cell\" ><div id=\"panel-19-0-1-0\" class=\"so-panel widget widget_pw_featured_page widget-featured-page panel-first-child panel-last-child\" data-index=\"1\" >\n\t<div class=\"page-box  page-box--block\">\n\t\t\t\t\t\t<a class=\"page-box__picture\" href=\"https:\/\/catalystsystem.net\/sp\/our-services\/elesder\/\">\n\t\t\t\t\t<img loading=\"lazy\" decoding=\"async\" src=\"https:\/\/catalystsystem.net\/sp\/wp-content\/uploads\/2025\/09\/eleader-245x163.jpg\" width=\"245\" height=\"163\" srcset=\"https:\/\/catalystsystem.net\/sp\/wp-content\/uploads\/2025\/09\/eleader-245x163.jpg 245w, https:\/\/catalystsystem.net\/sp\/wp-content\/uploads\/2025\/09\/eleader.jpg 512w\" sizes=\"auto, (min-width: 1200px) 245px, (min-width: 992px) 200px, (min-width: 768px) 690px, (min-width: 576px) 510px, calc(100vw - 30px)\" class=\"wp-post-image\" alt=\"ELeader\">\n\t\t\t\t\t\t\t\t\t<\/a>\n\t\t\t\t\t\t\t\t<div class=\"page-box__content\">\n\t\t\t<h2 class=\"page-box__title\"><a href=\"https:\/\/catalystsystem.net\/sp\/our-services\/elesder\/\">ELeader<\/a><\/h2>\n\t\t\t<p class=\"page-box__text\">Consulting will help you assess your business scenario and offer you advice on tackling<\/p>\n\t\t\t\t\t<\/div>\n\t<\/div>\n\n<\/div><\/div><div id=\"pgc-19-0-2\"  class=\"panel-grid-cell\" ><br \/>\n<b>Warning<\/b>:  Trying to access array offset on value of type null in <b>\/home\/csc\/public_html\/sp\/wp-content\/themes\/consultpress-pt\/vendor\/proteusthemes\/proteuswidgets\/widgets\/widget-featured-page.php<\/b> on line <b>76<\/b><br \/>\n<br \/>\n<b>Warning<\/b>:  Trying to access array offset on value of type bool in <b>\/home\/csc\/public_html\/sp\/wp-content\/themes\/consultpress-pt\/vendor\/proteusthemes\/proteuswidgets\/widgets\/widget-featured-page.php<\/b> on line <b>94<\/b><br \/>\n<br \/>\n<b>Warning<\/b>:  Trying to access array offset on value of type bool in <b>\/home\/csc\/public_html\/sp\/wp-content\/themes\/consultpress-pt\/vendor\/proteusthemes\/proteuswidgets\/widgets\/widget-featured-page.php<\/b> on line <b>95<\/b><br \/>\n<br \/>\n<b>Warning<\/b>:  Trying to access array offset on value of type bool in <b>\/home\/csc\/public_html\/sp\/wp-content\/themes\/consultpress-pt\/vendor\/proteusthemes\/proteuswidgets\/widgets\/widget-featured-page.php<\/b> on line <b>96<\/b><br \/>\n<br \/>\n<b>Warning<\/b>:  Trying to access array offset on value of type bool in <b>\/home\/csc\/public_html\/sp\/wp-content\/themes\/consultpress-pt\/vendor\/proteusthemes\/proteuswidgets\/inc\/class-pw-functions.php<\/b> on line <b>143<\/b><br \/>\n<br \/>\n<b>Warning<\/b>:  Trying to access array offset on value of type bool in <b>\/home\/csc\/public_html\/sp\/wp-content\/themes\/consultpress-pt\/vendor\/proteusthemes\/proteuswidgets\/inc\/class-pw-functions.php<\/b> on line <b>143<\/b><br \/>\n<br \/>\n<b>Warning<\/b>:  Trying to access array offset on value of type bool in <b>\/home\/csc\/public_html\/sp\/wp-content\/themes\/consultpress-pt\/vendor\/proteusthemes\/proteuswidgets\/inc\/class-pw-functions.php<\/b> on line <b>143<\/b><br \/>\n<br \/>\n<b>Warning<\/b>:  Trying to access array offset on value of type bool in <b>\/home\/csc\/public_html\/sp\/wp-content\/themes\/consultpress-pt\/vendor\/proteusthemes\/proteuswidgets\/inc\/class-pw-functions.php<\/b> on line <b>143<\/b><br \/>\n<div id=\"panel-19-0-2-0\" class=\"so-panel widget widget_pw_featured_page widget-featured-page panel-first-child panel-last-child\" data-index=\"2\" >\n\t<div class=\"page-box  page-box--block\">\n\t\t\t\t<div class=\"page-box__content\">\n\t\t\t<h2 class=\"page-box__title\"><a href=\"\"><br \/>\n<b>Warning<\/b>:  Undefined array key \"post_title\" in <b>\/home\/csc\/public_html\/sp\/wp-content\/themes\/consultpress-pt\/inc\/widgets-views\/widget-featured-page.php<\/b> on line <b>37<\/b><br \/>\n<\/a><\/h2>\n\t\t\t<p class=\"page-box__text\"><\/p>\n\t\t\t\t\t<\/div>\n\t<\/div>\n\n<\/div><\/div><\/div><div id=\"pg-19-1\"  class=\"panel-grid panel-no-style\" ><div id=\"pgc-19-1-0\"  class=\"panel-grid-cell\" ><div id=\"panel-19-1-0-0\" class=\"so-panel widget widget_pw_featured_page widget-featured-page panel-first-child panel-last-child\" data-index=\"3\" >\n\t<div class=\"page-box  page-box--block\">\n\t\t\t\t\t\t<a class=\"page-box__picture\" href=\"https:\/\/catalystsystem.net\/sp\/coaching\/\">\n\t\t\t\t\t<img loading=\"lazy\" decoding=\"async\" src=\"https:\/\/catalystsystem.net\/sp\/wp-content\/uploads\/2025\/09\/Goal-Coaching-245x163.jpg\" width=\"245\" height=\"163\" srcset=\"https:\/\/catalystsystem.net\/sp\/wp-content\/uploads\/2025\/09\/Goal-Coaching-245x163.jpg 245w, https:\/\/catalystsystem.net\/sp\/wp-content\/uploads\/2025\/09\/Goal-Coaching.jpg 512w\" sizes=\"auto, (min-width: 1200px) 245px, (min-width: 992px) 200px, (min-width: 768px) 690px, (min-width: 576px) 510px, calc(100vw - 30px)\" class=\"wp-post-image\" alt=\"Goal Goaching\">\n\t\t\t\t\t\t\t\t\t<\/a>\n\t\t\t\t\t\t\t\t<div class=\"page-box__content\">\n\t\t\t<h2 class=\"page-box__title\"><a href=\"https:\/\/catalystsystem.net\/sp\/coaching\/\">Goal Goaching<\/a><\/h2>\n\t\t\t<p class=\"page-box__text\">In order to arrive somewhere, business owners and managers need to know where they are<\/p>\n\t\t\t\t\t<\/div>\n\t<\/div>\n\n<\/div><\/div><div id=\"pgc-19-1-1\"  class=\"panel-grid-cell panel-grid-cell-mobile-last\" ><div id=\"panel-19-1-1-0\" class=\"so-panel widget widget_pw_featured_page widget-featured-page panel-first-child panel-last-child\" data-index=\"4\" >\n\t<div class=\"page-box  page-box--block\">\n\t\t\t\t\t\t<a class=\"page-box__picture\" href=\"https:\/\/catalystsystem.net\/sp\/our-services\/branding\/\">\n\t\t\t\t\t<img loading=\"lazy\" decoding=\"async\" src=\"https:\/\/catalystsystem.net\/sp\/wp-content\/uploads\/2025\/09\/icono-branding-245x163.jpg\" width=\"245\" height=\"163\" srcset=\"https:\/\/catalystsystem.net\/sp\/wp-content\/uploads\/2025\/09\/icono-branding-245x163.jpg 245w, https:\/\/catalystsystem.net\/sp\/wp-content\/uploads\/2025\/09\/icono-branding.jpg 512w\" sizes=\"auto, (min-width: 1200px) 245px, (min-width: 992px) 200px, (min-width: 768px) 690px, (min-width: 576px) 510px, calc(100vw - 30px)\" class=\"wp-post-image\" alt=\"Branding e Identidad\">\n\t\t\t\t\t\t\t\t\t<\/a>\n\t\t\t\t\t\t\t\t<div class=\"page-box__content\">\n\t\t\t<h2 class=\"page-box__title\"><a href=\"https:\/\/catalystsystem.net\/sp\/our-services\/branding\/\">Branding e Identidad<\/a><\/h2>\n\t\t\t<p class=\"page-box__text\">Our distinctive approach to leadership development is what makes us stand out from<\/p>\n\t\t\t\t\t<\/div>\n\t<\/div>\n\n<\/div><\/div><div id=\"pgc-19-1-2\"  class=\"panel-grid-cell panel-grid-cell-empty\" ><\/div><\/div><\/div>","protected":false},"excerpt":{"rendered":"<p>Warning: Trying to access array offset on value of type null in \/home\/csc\/public_html\/sp\/wp-content\/themes\/consultpress-pt\/vendor\/proteusthemes\/proteuswidgets\/widgets\/widget-featured-page.php on line 76 Warning: Trying to access array offset on value of type bool in \/home\/csc\/public_html\/sp\/wp-content\/themes\/consultpress-pt\/vendor\/proteusthemes\/proteuswidgets\/widgets\/widget-featured-page.php on line 94 Warning: Trying to access array offset on value of type bool in \/home\/csc\/public_html\/sp\/wp-content\/themes\/consultpress-pt\/vendor\/proteusthemes\/proteuswidgets\/widgets\/widget-featured-page.php on line 95 Warning: Trying to access array offset on &hellip;<\/p>\n","protected":false},"author":1,"featured_media":0,"parent":0,"menu_order":0,"comment_status":"closed","ping_status":"closed","template":"","meta":{"_acf_changed":false,"footnotes":""},"class_list":{"0":"post-19","1":"page","2":"type-page","3":"status-publish","5":"clearfix","6":"article"},"acf":[],"yoast_head":"<!-- This site is optimized with the Yoast SEO plugin v27.2 - https:\/\/yoast.com\/product\/yoast-seo-wordpress\/ -->\n<title>Our Services - CSC<\/title>\n<meta name=\"robots\" content=\"index, follow, max-snippet:-1, max-image-preview:large, max-video-preview:-1\" \/>\n<link rel=\"canonical\" href=\"https:\/\/catalystsystem.net\/sp\/our-services\/\" \/>\n<meta property=\"og:locale\" content=\"es_ES\" \/>\n<meta property=\"og:type\" content=\"article\" \/>\n<meta property=\"og:title\" content=\"Our Services - CSC\" \/>\n<meta property=\"og:description\" content=\"Warning: Trying to access array offset on value of type null in \/home\/csc\/public_html\/sp\/wp-content\/themes\/consultpress-pt\/vendor\/proteusthemes\/proteuswidgets\/widgets\/widget-featured-page.php on line 76 Warning: Trying to access array offset on value of type bool in \/home\/csc\/public_html\/sp\/wp-content\/themes\/consultpress-pt\/vendor\/proteusthemes\/proteuswidgets\/widgets\/widget-featured-page.php on line 94 Warning: Trying to access array offset on value of type bool in \/home\/csc\/public_html\/sp\/wp-content\/themes\/consultpress-pt\/vendor\/proteusthemes\/proteuswidgets\/widgets\/widget-featured-page.php on line 95 Warning: Trying to access array offset on &hellip;\" \/>\n<meta property=\"og:url\" content=\"https:\/\/catalystsystem.net\/sp\/our-services\/\" \/>\n<meta property=\"og:site_name\" content=\"CSC\" \/>\n<meta property=\"og:image\" content=\"https:\/\/catalystsystem.net\/sp\/wp-content\/uploads\/2025\/09\/catalyst-banner-cabecera.png\" \/>\n\t<meta property=\"og:image:width\" content=\"265\" \/>\n\t<meta property=\"og:image:height\" content=\"100\" \/>\n\t<meta property=\"og:image:type\" content=\"image\/png\" \/>\n<meta name=\"twitter:card\" content=\"summary_large_image\" \/>\n<script type=\"application\/ld+json\" class=\"yoast-schema-graph\">{\"@context\":\"https:\/\/schema.org\",\"@graph\":[{\"@type\":\"WebPage\",\"@id\":\"https:\/\/catalystsystem.net\/sp\/our-services\/\",\"url\":\"https:\/\/catalystsystem.net\/sp\/our-services\/\",\"name\":\"Our Services - CSC\",\"isPartOf\":{\"@id\":\"https:\/\/catalystsystem.net\/sp\/#website\"},\"datePublished\":\"2016-11-21T15:32:40+00:00\",\"breadcrumb\":{\"@id\":\"https:\/\/catalystsystem.net\/sp\/our-services\/#breadcrumb\"},\"inLanguage\":\"es\",\"potentialAction\":[{\"@type\":\"ReadAction\",\"target\":[\"https:\/\/catalystsystem.net\/sp\/our-services\/\"]}]},{\"@type\":\"BreadcrumbList\",\"@id\":\"https:\/\/catalystsystem.net\/sp\/our-services\/#breadcrumb\",\"itemListElement\":[{\"@type\":\"ListItem\",\"position\":1,\"name\":\"Portada\",\"item\":\"https:\/\/catalystsystem.net\/sp\/\"},{\"@type\":\"ListItem\",\"position\":2,\"name\":\"Our Services\"}]},{\"@type\":\"WebSite\",\"@id\":\"https:\/\/catalystsystem.net\/sp\/#website\",\"url\":\"https:\/\/catalystsystem.net\/sp\/\",\"name\":\"Catalyst System Consulting\",\"description\":\"Acompa\u00f1ar a l\u00edderes, equipos y organizaciones en el desarrollo de su m\u00e1ximo potencial, integrando coaching, consultor\u00eda, marketing, dise\u00f1o y tecnolog\u00eda\",\"alternateName\":\"CSC\",\"potentialAction\":[{\"@type\":\"SearchAction\",\"target\":{\"@type\":\"EntryPoint\",\"urlTemplate\":\"https:\/\/catalystsystem.net\/sp\/?s={search_term_string}\"},\"query-input\":{\"@type\":\"PropertyValueSpecification\",\"valueRequired\":true,\"valueName\":\"search_term_string\"}}],\"inLanguage\":\"es\"}]}<\/script>\n<!-- \/ Yoast SEO plugin. -->","yoast_head_json":{"title":"Our Services - CSC","robots":{"index":"index","follow":"follow","max-snippet":"max-snippet:-1","max-image-preview":"max-image-preview:large","max-video-preview":"max-video-preview:-1"},"canonical":"https:\/\/catalystsystem.net\/sp\/our-services\/","og_locale":"es_ES","og_type":"article","og_title":"Our Services - CSC","og_description":"Warning: Trying to access array offset on value of type null in \/home\/csc\/public_html\/sp\/wp-content\/themes\/consultpress-pt\/vendor\/proteusthemes\/proteuswidgets\/widgets\/widget-featured-page.php on line 76 Warning: Trying to access array offset on value of type bool in \/home\/csc\/public_html\/sp\/wp-content\/themes\/consultpress-pt\/vendor\/proteusthemes\/proteuswidgets\/widgets\/widget-featured-page.php on line 94 Warning: Trying to access array offset on value of type bool in \/home\/csc\/public_html\/sp\/wp-content\/themes\/consultpress-pt\/vendor\/proteusthemes\/proteuswidgets\/widgets\/widget-featured-page.php on line 95 Warning: Trying to access array offset on &hellip;","og_url":"https:\/\/catalystsystem.net\/sp\/our-services\/","og_site_name":"CSC","og_image":[{"width":265,"height":100,"url":"https:\/\/catalystsystem.net\/sp\/wp-content\/uploads\/2025\/09\/catalyst-banner-cabecera.png","type":"image\/png"}],"twitter_card":"summary_large_image","schema":{"@context":"https:\/\/schema.org","@graph":[{"@type":"WebPage","@id":"https:\/\/catalystsystem.net\/sp\/our-services\/","url":"https:\/\/catalystsystem.net\/sp\/our-services\/","name":"Our Services - CSC","isPartOf":{"@id":"https:\/\/catalystsystem.net\/sp\/#website"},"datePublished":"2016-11-21T15:32:40+00:00","breadcrumb":{"@id":"https:\/\/catalystsystem.net\/sp\/our-services\/#breadcrumb"},"inLanguage":"es","potentialAction":[{"@type":"ReadAction","target":["https:\/\/catalystsystem.net\/sp\/our-services\/"]}]},{"@type":"BreadcrumbList","@id":"https:\/\/catalystsystem.net\/sp\/our-services\/#breadcrumb","itemListElement":[{"@type":"ListItem","position":1,"name":"Portada","item":"https:\/\/catalystsystem.net\/sp\/"},{"@type":"ListItem","position":2,"name":"Our Services"}]},{"@type":"WebSite","@id":"https:\/\/catalystsystem.net\/sp\/#website","url":"https:\/\/catalystsystem.net\/sp\/","name":"Catalyst System Consulting","description":"Acompa\u00f1ar a l\u00edderes, equipos y organizaciones en el desarrollo de su m\u00e1ximo potencial, integrando coaching, consultor\u00eda, marketing, dise\u00f1o y tecnolog\u00eda","alternateName":"CSC","potentialAction":[{"@type":"SearchAction","target":{"@type":"EntryPoint","urlTemplate":"https:\/\/catalystsystem.net\/sp\/?s={search_term_string}"},"query-input":{"@type":"PropertyValueSpecification","valueRequired":true,"valueName":"search_term_string"}}],"inLanguage":"es"}]}},"_links":{"self":[{"href":"https:\/\/catalystsystem.net\/sp\/wp-json\/wp\/v2\/pages\/19","targetHints":{"allow":["GET"]}}],"collection":[{"href":"https:\/\/catalystsystem.net\/sp\/wp-json\/wp\/v2\/pages"}],"about":[{"href":"https:\/\/catalystsystem.net\/sp\/wp-json\/wp\/v2\/types\/page"}],"author":[{"embeddable":true,"href":"https:\/\/catalystsystem.net\/sp\/wp-json\/wp\/v2\/users\/1"}],"replies":[{"embeddable":true,"href":"https:\/\/catalystsystem.net\/sp\/wp-json\/wp\/v2\/comments?post=19"}],"version-history":[{"count":0,"href":"https:\/\/catalystsystem.net\/sp\/wp-json\/wp\/v2\/pages\/19\/revisions"}],"wp:attachment":[{"href":"https:\/\/catalystsystem.net\/sp\/wp-json\/wp\/v2\/media?parent=19"}],"curies":[{"name":"wp","href":"https:\/\/api.w.org\/{rel}","templated":true}]}}