{"id":2022,"date":"2025-10-03T22:17:25","date_gmt":"2025-10-04T05:17:25","guid":{"rendered":"https:\/\/catalystsystem.net\/sp\/?page_id=2022"},"modified":"2025-11-19T18:35:44","modified_gmt":"2025-11-20T02:35:44","slug":"ue","status":"publish","type":"page","link":"https:\/\/catalystsystem.net\/sp\/ue\/","title":{"rendered":""},"content":{"rendered":"<div id=\"pl-2022\"  class=\"panel-layout\" ><div id=\"pg-2022-0\"  class=\"panel-grid panel-no-style\" ><div id=\"pgc-2022-0-0\"  class=\"panel-grid-cell panel-grid-cell-empty\" ><\/div><div id=\"pgc-2022-0-1\"  class=\"panel-grid-cell panel-grid-cell-mobile-last\" ><div id=\"panel-2022-0-1-0\" class=\"so-panel widget widget_sow-headline panel-first-child panel-last-child\" data-index=\"0\" ><div\n\t\t\t\n\t\t\tclass=\"so-widget-sow-headline so-widget-sow-headline-default-a8825d603f79-2022\"\n\t\t\t\n\t\t><div class=\"sow-headline-container \">\n\t\t\t\t\t\t\t<h2 class=\"sow-headline\">\n\t\t\t\t\t\tUNIVERSIDAD EMPRESARIAL\t\t\t\t\t\t<\/h2>\n\t\t\t\t\t\t\t\t\t\t\t<div class=\"decoration\">\n\t\t\t\t\t\t<div class=\"decoration-inside\"><\/div>\n\t\t\t\t\t<\/div>\n\t\t\t\t\t\t\t\t\t\t\t<h3 class=\"sow-sub-headline\">\n\t\t\t\t\t\tInstala una escuela de negocios h\u00edbrida interna que combine cursos propios y proveedores externos, alineada a tus metas. \t\t\t\t\t\t<\/h3>\n\t\t\t\t\t\t<\/div>\n<\/div><\/div><\/div><div id=\"pgc-2022-0-2\"  class=\"panel-grid-cell panel-grid-cell-empty\" ><\/div><\/div><div id=\"pg-2022-1\"  class=\"panel-grid panel-has-style\" ><div class=\"panel-row-style panel-row-style-for-2022-1\" ><div id=\"pgc-2022-1-0\"  class=\"panel-grid-cell\" ><div id=\"panel-2022-1-0-0\" class=\"so-panel widget widget_sow-editor panel-first-child panel-last-child\" data-index=\"1\" ><div class=\"panel-widget-style panel-widget-style-for-2022-1-0-0\" ><div\n\t\t\t\n\t\t\tclass=\"so-widget-sow-editor so-widget-sow-editor-base\"\n\t\t\t\n\t\t>\n<div class=\"siteorigin-widget-tinymce textwidget\">\n\t<h3 style=\"text-align: center;\"><span style=\"font-size: 18px; color: #ffffff;\"><strong><span class=\"so-premium-web-font\" style=\"font-family: 'Montserrat';\" data-web-font-module=\"google\" data-font-info=\"{&quot;font&quot;:&quot;Montserrat&quot;,&quot;webfont&quot;:true,&quot;variant&quot;:&quot;regular&quot;,&quot;module&quot;:&quot;google&quot;}\">Habilidades cr\u00edticas<\/span><\/strong><\/span><\/h3>\n<p class=\"mini\" style=\"text-align: center;\"><span class=\"so-premium-web-font\" style=\"font-family: 'Open Sans'; color: #ffffff;\" data-web-font-module=\"google\" data-font-info=\"{&quot;font&quot;:&quot;Open Sans&quot;,&quot;webfont&quot;:true,&quot;variant&quot;:&quot;regular&quot;,&quot;module&quot;:&quot;google&quot;}\">Cierra brechas con rutas claras por rol (negocio, t\u00e9cnico y liderazgo). Mezcla micro\u2011aprendizaje y pr\u00e1ctica guiada.<\/span><\/p>\n<\/div>\n<\/div><\/div><\/div><\/div><div id=\"pgc-2022-1-1\"  class=\"panel-grid-cell\" ><div id=\"panel-2022-1-1-0\" class=\"so-panel widget widget_sow-editor panel-first-child panel-last-child\" data-index=\"2\" ><div class=\"panel-widget-style panel-widget-style-for-2022-1-1-0\" ><div\n\t\t\t\n\t\t\tclass=\"so-widget-sow-editor so-widget-sow-editor-base\"\n\t\t\t\n\t\t>\n<div class=\"siteorigin-widget-tinymce textwidget\">\n\t<h3 style=\"text-align: center;\"><span style=\"font-size: 18px; color: #000080;\"><strong><span class=\"so-premium-web-font\" style=\"font-family: 'Montserrat';\" data-web-font-module=\"google\" data-font-info=\"{&quot;font&quot;:&quot;Montserrat&quot;,&quot;webfont&quot;:true,&quot;variant&quot;:&quot;regular&quot;,&quot;module&quot;:&quot;google&quot;}\">Aprenden mientras trabajan<\/span><\/strong><\/span><\/h3>\n<p class=\"mini\" style=\"text-align: center;\"><span class=\"so-premium-web-font\" style=\"font-family: 'Open Sans'; color: #224370;\" data-web-font-module=\"google\" data-font-info=\"{&quot;font&quot;:&quot;Open Sans&quot;,&quot;webfont&quot;:true,&quot;variant&quot;:&quot;regular&quot;,&quot;module&quot;:&quot;google&quot;}\">Integra contenidos breves y aplicables en el d\u00eda a d\u00eda; refuerza con herramientas de soporte en el puesto.<\/span><\/p>\n<\/div>\n<\/div><\/div><\/div><\/div><div id=\"pgc-2022-1-2\"  class=\"panel-grid-cell\" ><div id=\"panel-2022-1-2-0\" class=\"so-panel widget widget_sow-editor panel-first-child panel-last-child\" data-index=\"3\" ><div class=\"panel-widget-style panel-widget-style-for-2022-1-2-0\" ><div\n\t\t\t\n\t\t\tclass=\"so-widget-sow-editor so-widget-sow-editor-base\"\n\t\t\t\n\t\t>\n<div class=\"siteorigin-widget-tinymce textwidget\">\n\t<h3 style=\"text-align: center;\"><span style=\"font-size: 18px; color: #ffffff;\"><strong><span class=\"so-premium-web-font\" style=\"font-family: 'Montserrat';\" data-web-font-module=\"google\" data-font-info=\"{&quot;font&quot;:&quot;Montserrat&quot;,&quot;webfont&quot;:true,&quot;variant&quot;:&quot;regular&quot;,&quot;module&quot;:&quot;google&quot;}\">Blended Learning<\/span><\/strong><\/span><\/h3>\n<p class=\"mini\" style=\"text-align: center;\"><span class=\"so-premium-web-font\" style=\"font-family: 'Open Sans'; color: #ffffff;\" data-web-font-module=\"google\" data-font-info=\"{&quot;font&quot;:&quot;Open Sans&quot;,&quot;webfont&quot;:true,&quot;variant&quot;:&quot;regular&quot;,&quot;module&quot;:&quot;google&quot;}\">Cierra brechas con rutas claras. Combina sesiones online en vivo para habilidades complejas con m\u00f3dulos virtuales flexibles y comunidad de pr\u00e1ctica. Aprendizaje y pr\u00e1ctica guiada.<\/span><\/p>\n<\/div>\n<\/div><\/div><\/div><\/div><\/div><\/div><div id=\"pg-2022-2\"  class=\"panel-grid panel-no-style\" ><div id=\"pgc-2022-2-0\"  class=\"panel-grid-cell\" ><div id=\"panel-2022-2-0-0\" class=\"so-panel widget widget_sow-image panel-first-child\" data-index=\"4\" ><div\n\t\t\t\n\t\t\tclass=\"so-widget-sow-image so-widget-sow-image-default-c67d20f9f743-2022\"\n\t\t\t\n\t\t>\n<div class=\"sow-image-container\">\n\t\t<img \n\tsrc=\"https:\/\/catalystsystem.net\/sp\/wp-content\/uploads\/2025\/10\/5-1.png\" width=\"1920\" height=\"580\" srcset=\"https:\/\/catalystsystem.net\/sp\/wp-content\/uploads\/2025\/10\/5-1.png 1920w, https:\/\/catalystsystem.net\/sp\/wp-content\/uploads\/2025\/10\/5-1-300x91.png 300w, https:\/\/catalystsystem.net\/sp\/wp-content\/uploads\/2025\/10\/5-1-1024x309.png 1024w, https:\/\/catalystsystem.net\/sp\/wp-content\/uploads\/2025\/10\/5-1-768x232.png 768w, https:\/\/catalystsystem.net\/sp\/wp-content\/uploads\/2025\/10\/5-1-1536x464.png 1536w, https:\/\/catalystsystem.net\/sp\/wp-content\/uploads\/2025\/10\/5-1-960x290.png 960w, https:\/\/catalystsystem.net\/sp\/wp-content\/uploads\/2025\/10\/5-1-480x145.png 480w\" sizes=\"(max-width: 1920px) 100vw, 1920px\" title=\"5 (1)\" alt=\"\" \t\tclass=\"so-widget-image\"\/>\n\t<\/div>\n\n<\/div><\/div><div id=\"panel-2022-2-0-1\" class=\"so-panel widget widget_sow-headline\" data-index=\"5\" ><div\n\t\t\t\n\t\t\tclass=\"so-widget-sow-headline so-widget-sow-headline-default-f4292d5b4676-2022\"\n\t\t\t\n\t\t><div class=\"sow-headline-container \">\n\t\t\t\t\t\t\t<h2 class=\"sow-headline\">\n\t\t\t\t\t\tSOLICITA INFORMACI\u00d3N\t\t\t\t\t\t<\/h2>\n\t\t\t\t\t\t\t\t\t\t\t<div class=\"decoration\">\n\t\t\t\t\t\t<div class=\"decoration-inside\"><\/div>\n\t\t\t\t\t<\/div>\n\t\t\t\t\t<\/div>\n<\/div><\/div><div id=\"panel-2022-2-0-2\" class=\"so-panel widget widget_sow-contact-form panel-last-child\" data-index=\"6\" ><div\n\t\t\t\n\t\t\tclass=\"so-widget-sow-contact-form so-widget-sow-contact-form-default-9d65c5d4c157-2022\"\n\t\t\t\n\t\t>\t<form\n\t\taction=\"\/sp\/wp-json\/wp\/v2\/pages\/2022\"\n\t\tmethod=\"POST\"\n\t\tclass=\"sow-contact-form\"\n\t\tid=\"contact-form-d6d2\"\n\t>\n\n\t\t\n\t\t            <p><em>Los campos marcados con * son obligatorios<\/em><\/p>\n\t\t\t\t\t\t<div class=\"sow-form-field sow-form-field-name\">\n\t\t\t\t<label class=\"sow-form-field-label-above\" for=\"sow-contact-form-field-nombre-completo-1\">\n\t\t\t\t<strong>\n\t\t\t\t\tNOMBRE CO,MPLETO\t\t\t\t\t\t\t\t\t\t\t<span class=\"sow-form-field-required\">*<\/span>\n\t\t\t\t\t\t\t\t\t<\/strong>\n\t\t\t<\/label>\n\t\t\t\t\t\t\t<div class=\"sow-field-container\">\n\t\t\t\t\t\t\t<input\n\t\t\ttype=\"text\"\n\t\t\tname=\"nombre-completo-1\"\n\t\t\tid=\"sow-contact-form-field-nombre-completo-1\"\n\t\t\tvalue=\"\"\n\t\t\tclass=\"sow-text-field\"\n\t\t\t\t\t\t\t\t\/>\n\t\t\t\t\t\t<\/div>\n\t\t\t\t\t\t\t<\/div>\n\t\t\t\t\t\t<div class=\"sow-form-field sow-form-field-text\">\n\t\t\t\t<label class=\"sow-form-field-label-above\" for=\"sow-contact-form-field-nombre-de-la-empresa-1\">\n\t\t\t\t<strong>\n\t\t\t\t\tNOMBRE DE LA EMPRESA\t\t\t\t\t\t\t\t\t<\/strong>\n\t\t\t<\/label>\n\t\t\t\t\t\t\t<div class=\"sow-field-container\">\n\t\t\t\t\t\t\t<input\n\t\t\ttype=\"text\"\n\t\t\tname=\"nombre-de-la-empresa-1\"\n\t\t\tid=\"sow-contact-form-field-nombre-de-la-empresa-1\"\n\t\t\tvalue=\"\"\n\t\t\tclass=\"sow-text-field\"\t\t\t\t\t\t\t\t\/>\n\t\t\t\t\t\t<\/div>\n\t\t\t\t\t\t\t<\/div>\n\t\t\t\t\t\t<div class=\"sow-form-field sow-form-field-email\">\n\t\t\t\t<label class=\"sow-form-field-label-above\" for=\"sow-contact-form-field-correo-electronico-1\">\n\t\t\t\t<strong>\n\t\t\t\t\tCORREO ELECTR\u00d3NICO\t\t\t\t\t\t\t\t\t\t\t<span class=\"sow-form-field-required\">*<\/span>\n\t\t\t\t\t\t\t\t\t<\/strong>\n\t\t\t<\/label>\n\t\t\t\t\t\t\t<div class=\"sow-field-container\">\n\t\t\t\t\t\t\t<input\n\t\t\ttype=\"email\"\n\t\t\tname=\"correo-electronico-1\"\n\t\t\tid=\"sow-contact-form-field-correo-electronico-1\"\n\t\t\tvalue=\"\"\n\t\t\tclass=\"sow-text-field\"\t\t\t\t\t\t\t\t\/>\n\t\t\t\t\t\t<\/div>\n\t\t\t\t\t\t\t<\/div>\n\t\t\t\t\t\t<div class=\"sow-form-field sow-form-field-textarea\">\n\t\t\t\t<label class=\"sow-form-field-label-above\" for=\"sow-contact-form-field-cuentenos-su-necesidad-1\">\n\t\t\t\t<strong>\n\t\t\t\t\tCU\u00c9NTENOS SU NECESIDAD\t\t\t\t\t\t\t\t\t\t\t<span class=\"sow-form-field-required\">*<\/span>\n\t\t\t\t\t\t\t\t\t<\/strong>\n\t\t\t<\/label>\n\t\t\t\t\t\t\t<div class=\"sow-field-container\">\n\t\t\t\t\t\t\t<textarea\n\t\t\tname=\"cuentenos-su-necesidad-1\"\n\t\t\tid=\"sow-contact-form-field-cuentenos-su-necesidad-1\"\n\t\t\trows=\"10\"\n\t\t\t\t\t\t\t\t><\/textarea>\n\t\t\t\t\t\t<\/div>\n\t\t\t\t\t\t\t<\/div>\n\t\t\t\t\t\t<input\n\t\t\t\ttype=\"text\"\n\t\t\t\tname=\"sow-name\"\n\t\t\t\tclass=\"sow-text-field\"\n\t\t\t\tstyle=\"display: none !important; visibility: hidden !important;\"\n\t\t\t\tautocomplete=\"off\"\n\t\t\t\taria-hidden=\"true\"\n\t\t\t>\n\t\t\n\t\t\n\t\t<div class=\"sow-submit-wrapper \n\t\tsow-submit-styled\t\t\">\n\n\t\t\t<button\n\t\t\t\ttype=\"submit\"\n\t\t\t\tclass=\"sow-submit\n\t\t\t\t\t\t\t\t\"\n\t\t\t\tdata-js-key=\"c4ca4238a0b923820dcc509a6f75849b\" \t\t\t>\n\t\t\t\tContacta con nosotros\t\t\t<\/button>\n\t\t<\/div>\n\t\t\t\t<input\n\t\t\ttype=\"hidden\"\n\t\t\tname=\"instance_hash-1\"\n\t\t\tvalue=\"d6d240ee\"\n\t\t\/>\n\n\t\t<input type=\"hidden\" id=\"_wpnonce\" name=\"_wpnonce\" value=\"330e113bb6\" \/><input type=\"hidden\" name=\"_wp_http_referer\" value=\"\/sp\/wp-json\/wp\/v2\/pages\/2022\" \/>\t<\/form>\n\t<\/div><\/div><\/div><\/div><\/div>","protected":false},"excerpt":{"rendered":"<p>Habilidades cr\u00edticas Cierra brechas con rutas claras por rol (negocio, t\u00e9cnico y liderazgo). Mezcla micro\u2011aprendizaje y pr\u00e1ctica guiada. Aprenden mientras trabajan Integra contenidos breves y aplicables en el d\u00eda a d\u00eda; refuerza con herramientas de soporte en el puesto. Blended Learning Cierra brechas con rutas claras. Combina sesiones online en vivo para habilidades complejas con &hellip;<\/p>\n","protected":false},"author":1,"featured_media":0,"parent":0,"menu_order":0,"comment_status":"closed","ping_status":"closed","template":"","meta":{"_acf_changed":false,"footnotes":""},"class_list":{"0":"post-2022","1":"page","2":"type-page","3":"status-publish","5":"clearfix","6":"article"},"acf":[],"yoast_head":"<!-- This site is optimized with the Yoast SEO plugin v27.2 - https:\/\/yoast.com\/product\/yoast-seo-wordpress\/ -->\n<title>UE - CSC<\/title>\n<meta name=\"robots\" content=\"index, follow, max-snippet:-1, max-image-preview:large, max-video-preview:-1\" \/>\n<link rel=\"canonical\" href=\"https:\/\/catalystsystem.net\/sp\/ue\/\" \/>\n<meta property=\"og:locale\" content=\"es_ES\" \/>\n<meta property=\"og:type\" content=\"article\" \/>\n<meta property=\"og:title\" content=\"Tu propia Universidad Empresarial\" \/>\n<meta property=\"og:description\" content=\"Te desarrollamos una Universidad Empresarial en modalidad Blended Learning\" \/>\n<meta property=\"og:url\" content=\"https:\/\/catalystsystem.net\/sp\/ue\/\" \/>\n<meta property=\"og:site_name\" content=\"CSC\" \/>\n<meta property=\"article:modified_time\" content=\"2025-11-20T02:35:44+00:00\" \/>\n<meta property=\"og:image\" content=\"https:\/\/catalystsystem.net\/sp\/wp-content\/uploads\/2025\/10\/5-1.png\" \/>\n\t<meta property=\"og:image:width\" content=\"1920\" \/>\n\t<meta property=\"og:image:height\" content=\"580\" \/>\n\t<meta property=\"og:image:type\" content=\"image\/png\" \/>\n<meta name=\"twitter:card\" content=\"summary_large_image\" \/>\n<meta name=\"twitter:title\" content=\"Tu propia Universidad Empresarial\" \/>\n<meta name=\"twitter:description\" content=\"Te desarrollamos una Universidad Empresarial en modalidad Blended Learning\" \/>\n<meta name=\"twitter:image\" content=\"https:\/\/catalystsystem.net\/sp\/wp-content\/uploads\/2025\/09\/5-1.png\" \/>\n<meta name=\"twitter:label1\" content=\"Tiempo de lectura\" \/>\n\t<meta name=\"twitter:data1\" content=\"1 minuto\" \/>\n<script type=\"application\/ld+json\" class=\"yoast-schema-graph\">{\"@context\":\"https:\/\/schema.org\",\"@graph\":[{\"@type\":\"WebPage\",\"@id\":\"https:\/\/catalystsystem.net\/sp\/ue\/\",\"url\":\"https:\/\/catalystsystem.net\/sp\/ue\/\",\"name\":\"UE - CSC\",\"isPartOf\":{\"@id\":\"https:\/\/catalystsystem.net\/sp\/#website\"},\"datePublished\":\"2025-10-04T05:17:25+00:00\",\"dateModified\":\"2025-11-20T02:35:44+00:00\",\"breadcrumb\":{\"@id\":\"https:\/\/catalystsystem.net\/sp\/ue\/#breadcrumb\"},\"inLanguage\":\"es\",\"potentialAction\":[{\"@type\":\"ReadAction\",\"target\":[\"https:\/\/catalystsystem.net\/sp\/ue\/\"]}]},{\"@type\":\"BreadcrumbList\",\"@id\":\"https:\/\/catalystsystem.net\/sp\/ue\/#breadcrumb\",\"itemListElement\":[{\"@type\":\"ListItem\",\"position\":1,\"name\":\"Portada\",\"item\":\"https:\/\/catalystsystem.net\/sp\/\"},{\"@type\":\"ListItem\",\"position\":2,\"name\":\"UE\"}]},{\"@type\":\"WebSite\",\"@id\":\"https:\/\/catalystsystem.net\/sp\/#website\",\"url\":\"https:\/\/catalystsystem.net\/sp\/\",\"name\":\"Catalyst System Consulting\",\"description\":\"Acompa\u00f1ar a l\u00edderes, equipos y organizaciones en el desarrollo de su m\u00e1ximo potencial, integrando coaching, consultor\u00eda, marketing, dise\u00f1o y tecnolog\u00eda\",\"alternateName\":\"CSC\",\"potentialAction\":[{\"@type\":\"SearchAction\",\"target\":{\"@type\":\"EntryPoint\",\"urlTemplate\":\"https:\/\/catalystsystem.net\/sp\/?s={search_term_string}\"},\"query-input\":{\"@type\":\"PropertyValueSpecification\",\"valueRequired\":true,\"valueName\":\"search_term_string\"}}],\"inLanguage\":\"es\"}]}<\/script>\n<!-- \/ Yoast SEO plugin. -->","yoast_head_json":{"title":"UE - CSC","robots":{"index":"index","follow":"follow","max-snippet":"max-snippet:-1","max-image-preview":"max-image-preview:large","max-video-preview":"max-video-preview:-1"},"canonical":"https:\/\/catalystsystem.net\/sp\/ue\/","og_locale":"es_ES","og_type":"article","og_title":"Tu propia Universidad Empresarial","og_description":"Te desarrollamos una Universidad Empresarial en modalidad Blended Learning","og_url":"https:\/\/catalystsystem.net\/sp\/ue\/","og_site_name":"CSC","article_modified_time":"2025-11-20T02:35:44+00:00","og_image":[{"width":1920,"height":580,"url":"https:\/\/catalystsystem.net\/sp\/wp-content\/uploads\/2025\/10\/5-1.png","type":"image\/png"}],"twitter_card":"summary_large_image","twitter_title":"Tu propia Universidad Empresarial","twitter_description":"Te desarrollamos una Universidad Empresarial en modalidad Blended Learning","twitter_image":"https:\/\/catalystsystem.net\/sp\/wp-content\/uploads\/2025\/09\/5-1.png","twitter_misc":{"Tiempo de lectura":"1 minuto"},"schema":{"@context":"https:\/\/schema.org","@graph":[{"@type":"WebPage","@id":"https:\/\/catalystsystem.net\/sp\/ue\/","url":"https:\/\/catalystsystem.net\/sp\/ue\/","name":"UE - CSC","isPartOf":{"@id":"https:\/\/catalystsystem.net\/sp\/#website"},"datePublished":"2025-10-04T05:17:25+00:00","dateModified":"2025-11-20T02:35:44+00:00","breadcrumb":{"@id":"https:\/\/catalystsystem.net\/sp\/ue\/#breadcrumb"},"inLanguage":"es","potentialAction":[{"@type":"ReadAction","target":["https:\/\/catalystsystem.net\/sp\/ue\/"]}]},{"@type":"BreadcrumbList","@id":"https:\/\/catalystsystem.net\/sp\/ue\/#breadcrumb","itemListElement":[{"@type":"ListItem","position":1,"name":"Portada","item":"https:\/\/catalystsystem.net\/sp\/"},{"@type":"ListItem","position":2,"name":"UE"}]},{"@type":"WebSite","@id":"https:\/\/catalystsystem.net\/sp\/#website","url":"https:\/\/catalystsystem.net\/sp\/","name":"Catalyst System Consulting","description":"Acompa\u00f1ar a l\u00edderes, equipos y organizaciones en el desarrollo de su m\u00e1ximo potencial, integrando coaching, consultor\u00eda, marketing, dise\u00f1o y tecnolog\u00eda","alternateName":"CSC","potentialAction":[{"@type":"SearchAction","target":{"@type":"EntryPoint","urlTemplate":"https:\/\/catalystsystem.net\/sp\/?s={search_term_string}"},"query-input":{"@type":"PropertyValueSpecification","valueRequired":true,"valueName":"search_term_string"}}],"inLanguage":"es"}]}},"_links":{"self":[{"href":"https:\/\/catalystsystem.net\/sp\/wp-json\/wp\/v2\/pages\/2022","targetHints":{"allow":["GET"]}}],"collection":[{"href":"https:\/\/catalystsystem.net\/sp\/wp-json\/wp\/v2\/pages"}],"about":[{"href":"https:\/\/catalystsystem.net\/sp\/wp-json\/wp\/v2\/types\/page"}],"author":[{"embeddable":true,"href":"https:\/\/catalystsystem.net\/sp\/wp-json\/wp\/v2\/users\/1"}],"replies":[{"embeddable":true,"href":"https:\/\/catalystsystem.net\/sp\/wp-json\/wp\/v2\/comments?post=2022"}],"version-history":[{"count":27,"href":"https:\/\/catalystsystem.net\/sp\/wp-json\/wp\/v2\/pages\/2022\/revisions"}],"predecessor-version":[{"id":2052,"href":"https:\/\/catalystsystem.net\/sp\/wp-json\/wp\/v2\/pages\/2022\/revisions\/2052"}],"wp:attachment":[{"href":"https:\/\/catalystsystem.net\/sp\/wp-json\/wp\/v2\/media?parent=2022"}],"curies":[{"name":"wp","href":"https:\/\/api.w.org\/{rel}","templated":true}]}}