{"id":25,"date":"2016-11-21T15:33:39","date_gmt":"2016-11-21T15:33:39","guid":{"rendered":"https:\/\/xml-io.proteusthemes.com\/consulting\/?page_id=25"},"modified":"2025-10-01T18:46:10","modified_gmt":"2025-10-02T01:46:10","slug":"elesder","status":"publish","type":"page","link":"https:\/\/catalystsystem.net\/sp\/our-services\/elesder\/","title":{"rendered":"ELeader"},"content":{"rendered":"<div id=\"pl-25\"  class=\"panel-layout\" ><div id=\"pg-25-0\"  class=\"panel-grid panel-no-style\" ><div id=\"pgc-25-0-0\"  class=\"panel-grid-cell\" ><div id=\"panel-25-0-0-0\" class=\"so-panel widget widget_sow-editor panel-first-child\" data-index=\"0\" ><div\n\t\t\t\n\t\t\tclass=\"so-widget-sow-editor so-widget-sow-editor-base\"\n\t\t\t\n\t\t>\n<div class=\"siteorigin-widget-tinymce textwidget\">\n\t<h2 class=\"h2\" style=\"line-height: 1.45\">\n  <span style=\"color:#224370;\">Certificaciones<\/span><br \/>\n  <span style=\"color:#c34333;\">Internacionales<\/span><br \/>\n<\/h2>\n<\/div>\n<\/div><\/div><div id=\"panel-25-0-0-1\" class=\"so-panel widget widget_sow-editor panel-last-child\" data-index=\"1\" ><div class=\"panel-widget-style panel-widget-style-for-25-0-0-1\" ><div\n\t\t\t\n\t\t\tclass=\"so-widget-sow-editor so-widget-sow-editor-base\"\n\t\t\t\n\t\t>\n<div class=\"siteorigin-widget-tinymce textwidget\">\n\t<p><span class=\"so-premium-web-font\" style=\"font-family: 'Raleway'; color: #224370;\" data-web-font-module=\"google\" data-font-info=\"{&quot;font&quot;:&quot;Raleway&quot;,&quot;webfont&quot;:true,&quot;variant&quot;:&quot;regular&quot;,&quot;module&quot;:&quot;google&quot;}\"><strong data-start=\"377\" data-end=\"476\">Lidera con visi\u00f3n global. Transforma tu carrera con certificaciones de prestigio internacional.<\/strong><\/span><br data-start=\"476\" data-end=\"479\" \/><span class=\"so-premium-web-font\" style=\"font-family: 'Raleway'; color: #224370;\" data-web-font-module=\"google\" data-font-info=\"{&quot;font&quot;:&quot;Raleway&quot;,&quot;webfont&quot;:true,&quot;variant&quot;:&quot;regular&quot;,&quot;module&quot;:&quot;google&quot;}\">Programas dise\u00f1ados para desarrollar l\u00edderes capaces de inspirar, dirigir y generar impacto en organizaciones del siglo XXI.<\/span><\/p>\n<p><span class=\"so-premium-web-font\" style=\"font-family: 'Raleway'; color: #224370;\" data-web-font-module=\"google\" data-font-info=\"{&quot;font&quot;:&quot;Raleway&quot;,&quot;webfont&quot;:true,&quot;variant&quot;:&quot;regular&quot;,&quot;module&quot;:&quot;google&quot;}\">Programas de Certificaci\u00f3n que te preparan para liderar, acompa\u00f1ar y comunicar con excelencia humana y visi\u00f3n estrat\u00e9gica en un mundo que cambia velozmente. Acreditadas en 110 pa\u00edses en el mundo, incluyendo Estados Unidos.<\/span><\/p>\n<\/div>\n<\/div><\/div><\/div><\/div><div id=\"pgc-25-0-1\"  class=\"panel-grid-cell\" ><div id=\"panel-25-0-1-0\" class=\"so-panel widget widget_sow-image panel-first-child panel-last-child\" data-index=\"2\" ><div\n\t\t\t\n\t\t\tclass=\"so-widget-sow-image so-widget-sow-image-default-8b5b6f678277-25\"\n\t\t\t\n\t\t>\n<div class=\"sow-image-container\">\n\t\t<img \n\tsrc=\"https:\/\/catalystsystem.net\/sp\/wp-content\/uploads\/2025\/09\/eleader.jpg\" width=\"512\" height=\"512\" srcset=\"https:\/\/catalystsystem.net\/sp\/wp-content\/uploads\/2025\/09\/eleader.jpg 512w, https:\/\/catalystsystem.net\/sp\/wp-content\/uploads\/2025\/09\/eleader-300x300.jpg 300w, https:\/\/catalystsystem.net\/sp\/wp-content\/uploads\/2025\/09\/eleader-150x150.jpg 150w, https:\/\/catalystsystem.net\/sp\/wp-content\/uploads\/2025\/09\/eleader-375x375.jpg 375w, https:\/\/catalystsystem.net\/sp\/wp-content\/uploads\/2025\/09\/eleader-216x216.jpg 216w\" sizes=\"(max-width: 512px) 100vw, 512px\" alt=\"\" \t\tclass=\"so-widget-image\"\/>\n\t<\/div>\n\n<\/div><\/div><\/div><\/div><div id=\"pg-25-1\"  class=\"panel-grid panel-no-style\" ><div id=\"pgc-25-1-0\"  class=\"panel-grid-cell\" ><div id=\"panel-25-1-0-0\" class=\"so-panel widget widget_sow-image panel-first-child panel-last-child\" data-index=\"3\" ><div\n\t\t\t\n\t\t\tclass=\"so-widget-sow-image so-widget-sow-image-default-8b5b6f678277-25\"\n\t\t\t\n\t\t>\n<div class=\"sow-image-container\">\n\t\t<img \n\tsrc=\"https:\/\/catalystsystem.net\/sp\/wp-content\/uploads\/2025\/10\/diseno-diseno-10.png\" width=\"1000\" height=\"400\" srcset=\"https:\/\/catalystsystem.net\/sp\/wp-content\/uploads\/2025\/10\/diseno-diseno-10.png 1000w, https:\/\/catalystsystem.net\/sp\/wp-content\/uploads\/2025\/10\/diseno-diseno-10-300x120.png 300w, https:\/\/catalystsystem.net\/sp\/wp-content\/uploads\/2025\/10\/diseno-diseno-10-768x307.png 768w\" sizes=\"(max-width: 1000px) 100vw, 1000px\" title=\"certificaciones internacionales\" alt=\"\" \t\tclass=\"so-widget-image\"\/>\n\t<\/div>\n\n<\/div><\/div><\/div><\/div><div id=\"pg-25-2\"  class=\"panel-grid panel-no-style\" ><div id=\"pgc-25-2-0\"  class=\"panel-grid-cell\" ><div id=\"panel-25-2-0-0\" class=\"so-panel widget widget_sow-editor panel-first-child panel-last-child\" data-index=\"4\" ><div\n\t\t\t\n\t\t\tclass=\"so-widget-sow-editor so-widget-sow-editor-base\"\n\t\t\t\n\t\t>\n<div class=\"siteorigin-widget-tinymce textwidget\">\n\t<h3><span style=\"color: #c34333;\">\u00bfPor qu\u00e9 elegir E-Leader?<\/span><\/h3>\n<p><span class=\"so-premium-web-font\" style=\"color: #224370; font-family: 'Raleway';\" data-web-font-module=\"google\" data-font-info=\"{&quot;font&quot;:&quot;Raleway&quot;,&quot;webfont&quot;:true,&quot;variant&quot;:&quot;regular&quot;,&quot;module&quot;:&quot;google&quot;}\">En un mundo cada vez m\u00e1s competitivo, las empresas buscan l\u00edderes <strong data-start=\"775\" data-end=\"841\">\u00a0competencias t\u00e9cnicas y humanas<\/strong>.<\/span><br data-start=\"842\" data-end=\"845\" \/><span class=\"so-premium-web-font\" style=\"color: #224370; font-family: 'Raleway';\" data-web-font-module=\"google\" data-font-info=\"{&quot;font&quot;:&quot;Raleway&quot;,&quot;webfont&quot;:true,&quot;variant&quot;:&quot;regular&quot;,&quot;module&quot;:&quot;google&quot;}\">Las <strong data-start=\"849\" data-end=\"877\">Certificaciones E-Leader<\/strong> son tu puente hacia el liderazgo efectivo, el crecimiento profesional y el reconocimiento global.<\/span><\/p>\n<\/div>\n<\/div><\/div><\/div><div id=\"pgc-25-2-1\"  class=\"panel-grid-cell\" ><div id=\"panel-25-2-1-0\" class=\"so-panel widget widget_pw_accordion widget-accordion panel-first-child panel-last-child\" data-index=\"5\" ><div class=\"panel-widget-style panel-widget-style-for-25-2-1-0\" >\t<div class=\"accordion\" id=\"accordion-widget-2-1-0\" role=\"tablist\" aria-multiselectable=\"true\">\n\t\t\t<div class=\"accordion__panel  panel\">\n\t\t\t<div class=\"accordion__heading\" role=\"tab\" id=\"heading-widget-2-1-0-1\">\n\t\t\t\t<div class=\"panel-title\">\n\t\t\t\t\t<a class=\"collapsed\" role=\"button\" data-toggle=\"collapse\" data-parent=\"#accordion-widget-2-1-0\" href=\"#collapse-widget-2-1-0-1\" aria-expanded=\"false\" aria-controls=\"collapse-widget-2-1-0-1\">\n\t\t\t\t\t\tInternational Executive Leadership Certification\t\t\t\t\t<\/a>\n\t\t\t\t<\/div>\n\t\t\t<\/div>\n\t\t\t<div id=\"collapse-widget-2-1-0-1\" class=\"accordion__content  panel-collapse  collapse\" role=\"tabpanel\" aria-labelledby=\"heading-widget-2-1-0-1\">\n\t\t\t\t<div class=\"panel-body\">\n\t\t\t\t\tPrograma integral que impulsa el autoliderazgo y desarrolla competencias clave para dirigir personas y equipos en entornos globales.\t\t\t\t<\/div>\n\t\t\t<\/div>\n\t\t<\/div>\n\t\t\t<div class=\"accordion__panel  panel\">\n\t\t\t<div class=\"accordion__heading\" role=\"tab\" id=\"heading-widget-2-1-0-2\">\n\t\t\t\t<div class=\"panel-title\">\n\t\t\t\t\t<a class=\"collapsed\" role=\"button\" data-toggle=\"collapse\" data-parent=\"#accordion-widget-2-1-0\" href=\"#collapse-widget-2-1-0-2\" aria-expanded=\"false\" aria-controls=\"collapse-widget-2-1-0-2\">\n\t\t\t\t\t\tCertified Executive &amp; Business Coach\t\t\t\t\t<\/a>\n\t\t\t\t<\/div>\n\t\t\t<\/div>\n\t\t\t<div id=\"collapse-widget-2-1-0-2\" class=\"accordion__content  panel-collapse  collapse\" role=\"tabpanel\" aria-labelledby=\"heading-widget-2-1-0-2\">\n\t\t\t\t<div class=\"panel-body\">\n\t\t\t\t\tFormaci\u00f3n completa, innovadora y acreditada en EE.UU y m\u00e1s de 110 pa\u00edses en el mundo., ideal para quienes desean ser l\u00edderes del cambio y coaches estrat\u00e9gicos en organizaciones.\t\t\t\t<\/div>\n\t\t\t<\/div>\n\t\t<\/div>\n\t\t\t<div class=\"accordion__panel  panel\">\n\t\t\t<div class=\"accordion__heading\" role=\"tab\" id=\"heading-widget-2-1-0-3\">\n\t\t\t\t<div class=\"panel-title\">\n\t\t\t\t\t<a class=\"collapsed\" role=\"button\" data-toggle=\"collapse\" data-parent=\"#accordion-widget-2-1-0\" href=\"#collapse-widget-2-1-0-3\" aria-expanded=\"false\" aria-controls=\"collapse-widget-2-1-0-3\">\n\t\t\t\t\t\tCertified Soft Skills Leader\t\t\t\t\t<\/a>\n\t\t\t\t<\/div>\n\t\t\t<\/div>\n\t\t\t<div id=\"collapse-widget-2-1-0-3\" class=\"accordion__content  panel-collapse  collapse\" role=\"tabpanel\" aria-labelledby=\"heading-widget-2-1-0-3\">\n\t\t\t\t<div class=\"panel-body\">\n\t\t\t\t\tCertificaci\u00f3n internacional que fortalece las habilidades blandas m\u00e1s valoradas hoy y prepara los l\u00edderes para el desarrollo de las personas y el trabajo colaborativo.\t\t\t\t<\/div>\n\t\t\t<\/div>\n\t\t<\/div>\n\t\t\t<\/div>\n\n<\/div><\/div><\/div><\/div><div id=\"pg-25-3\"  class=\"panel-grid panel-no-style\" ><div id=\"pgc-25-3-0\"  class=\"panel-grid-cell\" ><div id=\"panel-25-3-0-0\" class=\"so-panel widget widget_sow-editor panel-first-child panel-last-child\" data-index=\"6\" ><div\n\t\t\t\n\t\t\tclass=\"so-widget-sow-editor so-widget-sow-editor-base\"\n\t\t\t\n\t\t>\n<div class=\"siteorigin-widget-tinymce textwidget\">\n\t<h2 class=\"h2\" style=\"line-height: 1.45;\"><span style=\"color: #224370; display: inline;\">Metodolog\u00eda<\/span> <span style=\"color: #c34333; display: inline;\">Blended Learning<\/span><\/h2>\n<ul>\n<li>Enfoque pr\u00e1ctico y aplicado en la realidad de cada participante<\/li>\n<li>Modalidad flexible: presencial, online o h\u00edbrida.<\/li>\n<li>Respaldo acad\u00e9mico: acreditaciones en EE.UU. y certificaci\u00f3n global.<\/li>\n<li>Networking internacional: conecta con l\u00edderes y coaches de diferentes industrias.<\/li>\n<\/ul>\n<\/div>\n<\/div><\/div><\/div><div id=\"pgc-25-3-1\"  class=\"panel-grid-cell\" ><div id=\"panel-25-3-1-0\" class=\"so-panel widget widget_sow-headline panel-first-child\" data-index=\"7\" ><div\n\t\t\t\n\t\t\tclass=\"so-widget-sow-headline so-widget-sow-headline-default-f4292d5b4676-25\"\n\t\t\t\n\t\t><div class=\"sow-headline-container \">\n\t\t\t\t\t\t\t<h2 class=\"sow-headline\">\n\t\t\t\t\t\tHaga clic en el programa de su inter\u00e9s:\t\t\t\t\t\t<\/h2>\n\t\t\t\t\t\t\t\t\t\t\t<div class=\"decoration\">\n\t\t\t\t\t\t<div class=\"decoration-inside\"><\/div>\n\t\t\t\t\t<\/div>\n\t\t\t\t\t<\/div>\n<\/div><\/div><div id=\"panel-25-3-1-1\" class=\"so-panel widget widget_sow-button\" data-index=\"8\" ><div\n\t\t\t\n\t\t\tclass=\"so-widget-sow-button so-widget-sow-button-flat-55dfceeff2c0-25\"\n\t\t\t\n\t\t><div class=\"ow-button-base ow-button-align-center\"\n>\n\t\t\t<a\n\t\t\t\t\thref=\"https:\/\/catalystsystem.net\/sp\/ielc\/\"\n\t\t\t\t\tclass=\"sowb-button ow-icon-placement-left ow-button-hover\" target=\"_blank\" rel=\"noopener noreferrer\" \t>\n\t\t<span>\n\t\t\t\n\t\t\tLiderazgo Ejecutivo Internacional\t\t<\/span>\n\t\t\t<\/a>\n\t<\/div>\n<\/div><\/div><div id=\"panel-25-3-1-2\" class=\"so-panel widget widget_sow-button panel-last-child\" data-index=\"9\" ><div\n\t\t\t\n\t\t\tclass=\"so-widget-sow-button so-widget-sow-button-flat-55dfceeff2c0-25\"\n\t\t\t\n\t\t><div class=\"ow-button-base ow-button-align-center\"\n>\n\t\t\t<a\n\t\t\t\t\thref=\"https:\/\/eleader.online\/ini\/ejecutivo\/\"\n\t\t\t\t\tclass=\"sowb-button ow-icon-placement-left ow-button-hover\" target=\"_blank\" rel=\"noopener noreferrer\" \t>\n\t\t<span>\n\t\t\t\n\t\t\tCoaching Ejecutivo y de Negocio\t\t<\/span>\n\t\t\t<\/a>\n\t<\/div>\n<\/div><\/div><\/div><\/div><\/div>","protected":false},"excerpt":{"rendered":"<p>Consulting will help you assess your business scenario and offer you advice on tackling<\/p>\n","protected":false},"author":1,"featured_media":1483,"parent":19,"menu_order":0,"comment_status":"closed","ping_status":"closed","template":"","meta":{"_acf_changed":false,"footnotes":""},"class_list":{"0":"post-25","1":"page","2":"type-page","3":"status-publish","4":"has-post-thumbnail","6":"clearfix","7":"article"},"acf":[],"yoast_head":"<!-- This site is optimized with the Yoast SEO plugin v27.2 - https:\/\/yoast.com\/product\/yoast-seo-wordpress\/ -->\n<title>ELeader - CSC<\/title>\n<meta name=\"robots\" content=\"index, follow, max-snippet:-1, max-image-preview:large, max-video-preview:-1\" \/>\n<link rel=\"canonical\" href=\"https:\/\/catalystsystem.net\/sp\/our-services\/elesder\/\" \/>\n<meta property=\"og:locale\" content=\"es_ES\" \/>\n<meta property=\"og:type\" content=\"article\" \/>\n<meta property=\"og:title\" content=\"ELeader - CSC\" \/>\n<meta property=\"og:description\" content=\"Consulting will help you assess your business scenario and offer you advice on tackling\" \/>\n<meta property=\"og:url\" content=\"https:\/\/catalystsystem.net\/sp\/our-services\/elesder\/\" \/>\n<meta property=\"og:site_name\" content=\"CSC\" \/>\n<meta property=\"article:modified_time\" content=\"2025-10-02T01:46:10+00:00\" \/>\n<meta property=\"og:image\" content=\"https:\/\/catalystsystem.net\/sp\/wp-content\/uploads\/2025\/09\/eleader.jpg\" \/>\n\t<meta property=\"og:image:width\" content=\"512\" \/>\n\t<meta property=\"og:image:height\" content=\"512\" \/>\n\t<meta property=\"og:image:type\" content=\"image\/jpeg\" \/>\n<meta name=\"twitter:card\" content=\"summary_large_image\" \/>\n<meta name=\"twitter:label1\" content=\"Tiempo de lectura\" \/>\n\t<meta name=\"twitter:data1\" content=\"2 minutos\" \/>\n<script type=\"application\/ld+json\" class=\"yoast-schema-graph\">{\"@context\":\"https:\/\/schema.org\",\"@graph\":[{\"@type\":\"WebPage\",\"@id\":\"https:\/\/catalystsystem.net\/sp\/our-services\/elesder\/\",\"url\":\"https:\/\/catalystsystem.net\/sp\/our-services\/elesder\/\",\"name\":\"ELeader - CSC\",\"isPartOf\":{\"@id\":\"https:\/\/catalystsystem.net\/sp\/#website\"},\"primaryImageOfPage\":{\"@id\":\"https:\/\/catalystsystem.net\/sp\/our-services\/elesder\/#primaryimage\"},\"image\":{\"@id\":\"https:\/\/catalystsystem.net\/sp\/our-services\/elesder\/#primaryimage\"},\"thumbnailUrl\":\"https:\/\/catalystsystem.net\/sp\/wp-content\/uploads\/2025\/09\/eleader.jpg\",\"datePublished\":\"2016-11-21T15:33:39+00:00\",\"dateModified\":\"2025-10-02T01:46:10+00:00\",\"breadcrumb\":{\"@id\":\"https:\/\/catalystsystem.net\/sp\/our-services\/elesder\/#breadcrumb\"},\"inLanguage\":\"es\",\"potentialAction\":[{\"@type\":\"ReadAction\",\"target\":[\"https:\/\/catalystsystem.net\/sp\/our-services\/elesder\/\"]}]},{\"@type\":\"ImageObject\",\"inLanguage\":\"es\",\"@id\":\"https:\/\/catalystsystem.net\/sp\/our-services\/elesder\/#primaryimage\",\"url\":\"https:\/\/catalystsystem.net\/sp\/wp-content\/uploads\/2025\/09\/eleader.jpg\",\"contentUrl\":\"https:\/\/catalystsystem.net\/sp\/wp-content\/uploads\/2025\/09\/eleader.jpg\",\"width\":512,\"height\":512},{\"@type\":\"BreadcrumbList\",\"@id\":\"https:\/\/catalystsystem.net\/sp\/our-services\/elesder\/#breadcrumb\",\"itemListElement\":[{\"@type\":\"ListItem\",\"position\":1,\"name\":\"Portada\",\"item\":\"https:\/\/catalystsystem.net\/sp\/\"},{\"@type\":\"ListItem\",\"position\":2,\"name\":\"Our Services\",\"item\":\"https:\/\/catalystsystem.net\/sp\/our-services\/\"},{\"@type\":\"ListItem\",\"position\":3,\"name\":\"ELeader\"}]},{\"@type\":\"WebSite\",\"@id\":\"https:\/\/catalystsystem.net\/sp\/#website\",\"url\":\"https:\/\/catalystsystem.net\/sp\/\",\"name\":\"Catalyst System Consulting\",\"description\":\"Acompa\u00f1ar a l\u00edderes, equipos y organizaciones en el desarrollo de su m\u00e1ximo potencial, integrando coaching, consultor\u00eda, marketing, dise\u00f1o y tecnolog\u00eda\",\"alternateName\":\"CSC\",\"potentialAction\":[{\"@type\":\"SearchAction\",\"target\":{\"@type\":\"EntryPoint\",\"urlTemplate\":\"https:\/\/catalystsystem.net\/sp\/?s={search_term_string}\"},\"query-input\":{\"@type\":\"PropertyValueSpecification\",\"valueRequired\":true,\"valueName\":\"search_term_string\"}}],\"inLanguage\":\"es\"}]}<\/script>\n<!-- \/ Yoast SEO plugin. -->","yoast_head_json":{"title":"ELeader - CSC","robots":{"index":"index","follow":"follow","max-snippet":"max-snippet:-1","max-image-preview":"max-image-preview:large","max-video-preview":"max-video-preview:-1"},"canonical":"https:\/\/catalystsystem.net\/sp\/our-services\/elesder\/","og_locale":"es_ES","og_type":"article","og_title":"ELeader - CSC","og_description":"Consulting will help you assess your business scenario and offer you advice on tackling","og_url":"https:\/\/catalystsystem.net\/sp\/our-services\/elesder\/","og_site_name":"CSC","article_modified_time":"2025-10-02T01:46:10+00:00","og_image":[{"width":512,"height":512,"url":"https:\/\/catalystsystem.net\/sp\/wp-content\/uploads\/2025\/09\/eleader.jpg","type":"image\/jpeg"}],"twitter_card":"summary_large_image","twitter_misc":{"Tiempo de lectura":"2 minutos"},"schema":{"@context":"https:\/\/schema.org","@graph":[{"@type":"WebPage","@id":"https:\/\/catalystsystem.net\/sp\/our-services\/elesder\/","url":"https:\/\/catalystsystem.net\/sp\/our-services\/elesder\/","name":"ELeader - CSC","isPartOf":{"@id":"https:\/\/catalystsystem.net\/sp\/#website"},"primaryImageOfPage":{"@id":"https:\/\/catalystsystem.net\/sp\/our-services\/elesder\/#primaryimage"},"image":{"@id":"https:\/\/catalystsystem.net\/sp\/our-services\/elesder\/#primaryimage"},"thumbnailUrl":"https:\/\/catalystsystem.net\/sp\/wp-content\/uploads\/2025\/09\/eleader.jpg","datePublished":"2016-11-21T15:33:39+00:00","dateModified":"2025-10-02T01:46:10+00:00","breadcrumb":{"@id":"https:\/\/catalystsystem.net\/sp\/our-services\/elesder\/#breadcrumb"},"inLanguage":"es","potentialAction":[{"@type":"ReadAction","target":["https:\/\/catalystsystem.net\/sp\/our-services\/elesder\/"]}]},{"@type":"ImageObject","inLanguage":"es","@id":"https:\/\/catalystsystem.net\/sp\/our-services\/elesder\/#primaryimage","url":"https:\/\/catalystsystem.net\/sp\/wp-content\/uploads\/2025\/09\/eleader.jpg","contentUrl":"https:\/\/catalystsystem.net\/sp\/wp-content\/uploads\/2025\/09\/eleader.jpg","width":512,"height":512},{"@type":"BreadcrumbList","@id":"https:\/\/catalystsystem.net\/sp\/our-services\/elesder\/#breadcrumb","itemListElement":[{"@type":"ListItem","position":1,"name":"Portada","item":"https:\/\/catalystsystem.net\/sp\/"},{"@type":"ListItem","position":2,"name":"Our Services","item":"https:\/\/catalystsystem.net\/sp\/our-services\/"},{"@type":"ListItem","position":3,"name":"ELeader"}]},{"@type":"WebSite","@id":"https:\/\/catalystsystem.net\/sp\/#website","url":"https:\/\/catalystsystem.net\/sp\/","name":"Catalyst System Consulting","description":"Acompa\u00f1ar a l\u00edderes, equipos y organizaciones en el desarrollo de su m\u00e1ximo potencial, integrando coaching, consultor\u00eda, marketing, dise\u00f1o y tecnolog\u00eda","alternateName":"CSC","potentialAction":[{"@type":"SearchAction","target":{"@type":"EntryPoint","urlTemplate":"https:\/\/catalystsystem.net\/sp\/?s={search_term_string}"},"query-input":{"@type":"PropertyValueSpecification","valueRequired":true,"valueName":"search_term_string"}}],"inLanguage":"es"}]}},"_links":{"self":[{"href":"https:\/\/catalystsystem.net\/sp\/wp-json\/wp\/v2\/pages\/25","targetHints":{"allow":["GET"]}}],"collection":[{"href":"https:\/\/catalystsystem.net\/sp\/wp-json\/wp\/v2\/pages"}],"about":[{"href":"https:\/\/catalystsystem.net\/sp\/wp-json\/wp\/v2\/types\/page"}],"author":[{"embeddable":true,"href":"https:\/\/catalystsystem.net\/sp\/wp-json\/wp\/v2\/users\/1"}],"replies":[{"embeddable":true,"href":"https:\/\/catalystsystem.net\/sp\/wp-json\/wp\/v2\/comments?post=25"}],"version-history":[{"count":24,"href":"https:\/\/catalystsystem.net\/sp\/wp-json\/wp\/v2\/pages\/25\/revisions"}],"predecessor-version":[{"id":2000,"href":"https:\/\/catalystsystem.net\/sp\/wp-json\/wp\/v2\/pages\/25\/revisions\/2000"}],"up":[{"embeddable":true,"href":"https:\/\/catalystsystem.net\/sp\/wp-json\/wp\/v2\/pages\/19"}],"wp:featuredmedia":[{"embeddable":true,"href":"https:\/\/catalystsystem.net\/sp\/wp-json\/wp\/v2\/media\/1483"}],"wp:attachment":[{"href":"https:\/\/catalystsystem.net\/sp\/wp-json\/wp\/v2\/media?parent=25"}],"curies":[{"name":"wp","href":"https:\/\/api.w.org\/{rel}","templated":true}]}}